{"id":3002,"date":"2024-04-10T00:13:50","date_gmt":"2024-04-10T00:13:50","guid":{"rendered":"https:\/\/almaconvoz.com\/?page_id=3002"},"modified":"2025-10-06T20:01:20","modified_gmt":"2025-10-06T20:01:20","slug":"cantandole-al-amor","status":"publish","type":"page","link":"https:\/\/almaconvoz.com\/es\/cantandole-al-amor\/","title":{"rendered":"Cant\u00e1ndole al Amor"},"content":{"rendered":"<div data-elementor-type=\"wp-page\" data-elementor-id=\"3002\" class=\"elementor elementor-3002\" data-elementor-post-type=\"page\">\n\t\t\t\t<div class=\"elementor-element elementor-element-c539505 e-flex e-con-boxed e-con e-parent\" data-id=\"c539505\" data-element_type=\"container\" data-e-type=\"container\">\n\t\t\t\t\t<div class=\"e-con-inner\">\n\t\t\t\t<div class=\"elementor-element elementor-element-0549309 elementor-widget elementor-widget-heading\" data-id=\"0549309\" data-element_type=\"widget\" data-e-type=\"widget\" data-widget_type=\"heading.default\">\n\t\t\t\t<div class=\"elementor-widget-container\">\n\t\t\t\t\t<h2 class=\"elementor-heading-title elementor-size-default\">Cant\u00e1ndole al Amor<\/h2>\t\t\t\t<\/div>\n\t\t\t\t<\/div>\n\t\t\t\t<div class=\"elementor-element elementor-element-e20ceff elementor-widget elementor-widget-text-editor\" data-id=\"e20ceff\" data-element_type=\"widget\" data-e-type=\"widget\" data-widget_type=\"text-editor.default\">\n\t\t\t\t<div class=\"elementor-widget-container\">\n\t\t\t\t\t\t\t\t\t<p>Fluyendo voy como el ag\u00fcita, tranquila como lagunita ,<br \/>fluyendo voy como el ag\u00fcita, soy r\u00edo al mar voy a llegar\/ X2<\/p><p>y ah\u00ed voy cantando, y ah\u00ed voy cantando<br \/>y ah\u00ed voy cant\u00e1ndole al amor<\/p><p>yo crec\u00ed como semillita dentro del barro de mi madre<br \/>y con la luz que dio mi padre, como \u00e1rbol verde vivir\u00e9\/ X2<\/p><p>y ah\u00ed voy cantando, y ah\u00ed voy cantando<br \/>y ah\u00ed voy cant\u00e1ndole al amor<\/p><p>La tierra que ya me conoce , llena de fuerza mis ra\u00edces<br \/>desde sus m\u00e1s puras entra\u00f1as, nutre mi centro con su miel\/ X2<\/p><p>y ah\u00ed voy cantando, y ah\u00ed voy cantando<br \/>y ah\u00ed voy cant\u00e1ndole al amor<\/p><p>Los pies con los que yo camino, van dibujando su destino<br \/>agradeciendo el recorrido, danzando de felicidad\/ X2<\/p><p style=\"font-size: 17px; font-style: normal; font-weight: 400;\">y ah\u00ed voy cantando, y ah\u00ed voy cantando<br \/>y ah\u00ed voy cant\u00e1ndole al amor\/x2<br \/>sigo cantando, que ah\u00ed voy cantando,<br \/>y ah\u00ed voy cantando al amor <br \/>llego cantando y me voy cantando, que ah\u00ed voy cant\u00e1ndole al amor.<\/p>\t\t\t\t\t\t\t\t<\/div>\n\t\t\t\t<\/div>\n\t\t\t\t\t<\/div>\n\t\t\t\t<\/div>\n\t\t\t\t<\/div>","protected":false},"excerpt":{"rendered":"<p>Cant\u00e1ndole al Amor Fluyendo voy como el ag\u00fcita, tranquila como lagunita ,fluyendo voy como el ag\u00fcita, soy r\u00edo al mar voy a llegar\/ X2 y ah\u00ed voy cantando, y ah\u00ed voy cantandoy ah\u00ed voy cant\u00e1ndole al amor yo crec\u00ed como semillita dentro del barro de mi madrey con la luz que dio mi padre, como [&hellip;]<\/p>\n","protected":false},"author":1,"featured_media":0,"parent":0,"menu_order":0,"comment_status":"closed","ping_status":"closed","template":"","meta":{"site-sidebar-layout":"no-sidebar","site-content-layout":"page-builder","ast-site-content-layout":"full-width-container","site-content-style":"default","site-sidebar-style":"default","ast-global-header-display":"","ast-banner-title-visibility":"","ast-main-header-display":"","ast-hfb-above-header-display":"","ast-hfb-below-header-display":"","ast-hfb-mobile-header-display":"","site-post-title":"disabled","ast-breadcrumbs-content":"","ast-featured-img":"disabled","footer-sml-layout":"","ast-disable-related-posts":"","theme-transparent-header-meta":"","adv-header-id-meta":"","stick-header-meta":"","header-above-stick-meta":"","header-main-stick-meta":"","header-below-stick-meta":"","astra-migrate-meta-layouts":"set","ast-page-background-enabled":"default","ast-page-background-meta":{"desktop":{"background-color":"","background-image":"","background-repeat":"repeat","background-position":"center center","background-size":"auto","background-attachment":"scroll","background-type":"","background-media":"","overlay-type":"","overlay-color":"","overlay-opacity":"","overlay-gradient":""},"tablet":{"background-color":"","background-image":"","background-repeat":"repeat","background-position":"center center","background-size":"auto","background-attachment":"scroll","background-type":"","background-media":"","overlay-type":"","overlay-color":"","overlay-opacity":"","overlay-gradient":""},"mobile":{"background-color":"","background-image":"","background-repeat":"repeat","background-position":"center center","background-size":"auto","background-attachment":"scroll","background-type":"","background-media":"","overlay-type":"","overlay-color":"","overlay-opacity":"","overlay-gradient":""}},"ast-content-background-meta":{"desktop":{"background-color":"var(--ast-global-color-5)","background-image":"","background-repeat":"repeat","background-position":"center center","background-size":"auto","background-attachment":"scroll","background-type":"","background-media":"","overlay-type":"","overlay-color":"","overlay-opacity":"","overlay-gradient":""},"tablet":{"background-color":"var(--ast-global-color-5)","background-image":"","background-repeat":"repeat","background-position":"center center","background-size":"auto","background-attachment":"scroll","background-type":"","background-media":"","overlay-type":"","overlay-color":"","overlay-opacity":"","overlay-gradient":""},"mobile":{"background-color":"var(--ast-global-color-5)","background-image":"","background-repeat":"repeat","background-position":"center center","background-size":"auto","background-attachment":"scroll","background-type":"","background-media":"","overlay-type":"","overlay-color":"","overlay-opacity":"","overlay-gradient":""}},"footnotes":""},"class_list":["post-3002","page","type-page","status-publish","hentry"],"aioseo_notices":[],"_links":{"self":[{"href":"https:\/\/almaconvoz.com\/es\/wp-json\/wp\/v2\/pages\/3002","targetHints":{"allow":["GET"]}}],"collection":[{"href":"https:\/\/almaconvoz.com\/es\/wp-json\/wp\/v2\/pages"}],"about":[{"href":"https:\/\/almaconvoz.com\/es\/wp-json\/wp\/v2\/types\/page"}],"author":[{"embeddable":true,"href":"https:\/\/almaconvoz.com\/es\/wp-json\/wp\/v2\/users\/1"}],"replies":[{"embeddable":true,"href":"https:\/\/almaconvoz.com\/es\/wp-json\/wp\/v2\/comments?post=3002"}],"version-history":[{"count":16,"href":"https:\/\/almaconvoz.com\/es\/wp-json\/wp\/v2\/pages\/3002\/revisions"}],"predecessor-version":[{"id":5878,"href":"https:\/\/almaconvoz.com\/es\/wp-json\/wp\/v2\/pages\/3002\/revisions\/5878"}],"wp:attachment":[{"href":"https:\/\/almaconvoz.com\/es\/wp-json\/wp\/v2\/media?parent=3002"}],"curies":[{"name":"wp","href":"https:\/\/api.w.org\/{rel}","templated":true}]}}