{"id":3186,"date":"2024-04-22T21:23:14","date_gmt":"2024-04-22T21:23:14","guid":{"rendered":"https:\/\/almaconvoz.com\/?page_id=3186"},"modified":"2025-10-06T20:07:24","modified_gmt":"2025-10-06T20:07:24","slug":"montana","status":"publish","type":"page","link":"https:\/\/almaconvoz.com\/es\/montana\/","title":{"rendered":"Monta\u00f1a"},"content":{"rendered":"<div data-elementor-type=\"wp-page\" data-elementor-id=\"3186\" class=\"elementor elementor-3186\" data-elementor-post-type=\"page\">\n\t\t\t\t<div class=\"elementor-element elementor-element-c539505 e-flex e-con-boxed e-con e-parent\" data-id=\"c539505\" data-element_type=\"container\" data-e-type=\"container\">\n\t\t\t\t\t<div class=\"e-con-inner\">\n\t\t\t\t<div class=\"elementor-element elementor-element-0549309 elementor-widget elementor-widget-heading\" data-id=\"0549309\" data-element_type=\"widget\" data-e-type=\"widget\" data-widget_type=\"heading.default\">\n\t\t\t\t<div class=\"elementor-widget-container\">\n\t\t\t\t\t<h2 class=\"elementor-heading-title elementor-size-default\">Monta\u00f1a<\/h2>\t\t\t\t<\/div>\n\t\t\t\t<\/div>\n\t\t\t\t<div class=\"elementor-element elementor-element-e20ceff elementor-widget elementor-widget-text-editor\" data-id=\"e20ceff\" data-element_type=\"widget\" data-e-type=\"widget\" data-widget_type=\"text-editor.default\">\n\t\t\t\t<div class=\"elementor-widget-container\">\n\t\t\t\t\t\t\t\t\t<p>Mi voz es el agua profunda del mar<br \/>mi canto unas alas de arenas y sal<br \/>Tu voz es el agua que calma mi ser,<br \/>\u00e1rboles que danzan, llam\u00e1ndome a ser<\/p><p>Miro, camino,<br \/>mi tiempo sin tiempo<br \/>desnudo silencio,<br \/>mi \u00fatero alado respira<br \/>mi \u00fatero alado respira<\/p><p>Me arrulla el misterio, me abraza la luna<br \/>me cubre de estrellas y yo soy ninguna<br \/>y es que soy el universo soy,<br \/>yo soy el universo<br \/>y es que soy el universo soy,<br \/>yo soy el universo<\/p><p>Mi carne es la tierra, fuerza circular<br \/>mis manos se extienden, florece el cantar<br \/>perfumes de hierbas silvestres<br \/>acompa\u00f1an mis fantas\u00edas<\/p><p>Monta\u00f1a, despiertas<br \/>visiones antiguas<br \/>el fuego reclama<br \/>mi vida.<\/p><p>Me arrulla el misterio, me abraza la luna<br \/>me cubre de estrellas y yo soy ninguna<br \/>y es que soy el universo soy,<br \/>yo soy el universo<br \/>y es que soy el universo soy,<br \/>yo soy el universo<\/p><p>Tu voz el aliento, m\u00e1gico elemento<br \/>renuevas las c\u00e9lulas, de mi entendimiento y yo<br \/>me fundo en tu ser, me fundo en tu ser<br \/>me fundo en tu ser, me fundo en tu ser<\/p><p>Me arrulla el misterio, me abraza la luna<br \/>me cubre de estrellas y yo soy ninguna<br \/>y es que soy el universo soy,<br \/>yo soy el universo<br \/>y es que soy el universo soy,<br \/>yo soy el universo.<\/p>\t\t\t\t\t\t\t\t<\/div>\n\t\t\t\t<\/div>\n\t\t\t\t\t<\/div>\n\t\t\t\t<\/div>\n\t\t\t\t<\/div>","protected":false},"excerpt":{"rendered":"<p>Monta\u00f1a Mi voz es el agua profunda del marmi canto unas alas de arenas y salTu voz es el agua que calma mi ser,\u00e1rboles que danzan, llam\u00e1ndome a ser Miro, camino,mi tiempo sin tiempodesnudo silencio,mi \u00fatero alado respirami \u00fatero alado respira Me arrulla el misterio, me abraza la luname cubre de estrellas y yo soy [&hellip;]<\/p>\n","protected":false},"author":1,"featured_media":0,"parent":0,"menu_order":0,"comment_status":"closed","ping_status":"closed","template":"","meta":{"site-sidebar-layout":"no-sidebar","site-content-layout":"page-builder","ast-site-content-layout":"full-width-container","site-content-style":"default","site-sidebar-style":"default","ast-global-header-display":"","ast-banner-title-visibility":"","ast-main-header-display":"","ast-hfb-above-header-display":"","ast-hfb-below-header-display":"","ast-hfb-mobile-header-display":"","site-post-title":"disabled","ast-breadcrumbs-content":"","ast-featured-img":"disabled","footer-sml-layout":"","ast-disable-related-posts":"","theme-transparent-header-meta":"","adv-header-id-meta":"","stick-header-meta":"","header-above-stick-meta":"","header-main-stick-meta":"","header-below-stick-meta":"","astra-migrate-meta-layouts":"set","ast-page-background-enabled":"default","ast-page-background-meta":{"desktop":{"background-color":"","background-image":"","background-repeat":"repeat","background-position":"center center","background-size":"auto","background-attachment":"scroll","background-type":"","background-media":"","overlay-type":"","overlay-color":"","overlay-opacity":"","overlay-gradient":""},"tablet":{"background-color":"","background-image":"","background-repeat":"repeat","background-position":"center center","background-size":"auto","background-attachment":"scroll","background-type":"","background-media":"","overlay-type":"","overlay-color":"","overlay-opacity":"","overlay-gradient":""},"mobile":{"background-color":"","background-image":"","background-repeat":"repeat","background-position":"center center","background-size":"auto","background-attachment":"scroll","background-type":"","background-media":"","overlay-type":"","overlay-color":"","overlay-opacity":"","overlay-gradient":""}},"ast-content-background-meta":{"desktop":{"background-color":"var(--ast-global-color-5)","background-image":"","background-repeat":"repeat","background-position":"center center","background-size":"auto","background-attachment":"scroll","background-type":"","background-media":"","overlay-type":"","overlay-color":"","overlay-opacity":"","overlay-gradient":""},"tablet":{"background-color":"var(--ast-global-color-5)","background-image":"","background-repeat":"repeat","background-position":"center center","background-size":"auto","background-attachment":"scroll","background-type":"","background-media":"","overlay-type":"","overlay-color":"","overlay-opacity":"","overlay-gradient":""},"mobile":{"background-color":"var(--ast-global-color-5)","background-image":"","background-repeat":"repeat","background-position":"center center","background-size":"auto","background-attachment":"scroll","background-type":"","background-media":"","overlay-type":"","overlay-color":"","overlay-opacity":"","overlay-gradient":""}},"footnotes":""},"class_list":["post-3186","page","type-page","status-publish","hentry"],"aioseo_notices":[],"_links":{"self":[{"href":"https:\/\/almaconvoz.com\/es\/wp-json\/wp\/v2\/pages\/3186","targetHints":{"allow":["GET"]}}],"collection":[{"href":"https:\/\/almaconvoz.com\/es\/wp-json\/wp\/v2\/pages"}],"about":[{"href":"https:\/\/almaconvoz.com\/es\/wp-json\/wp\/v2\/types\/page"}],"author":[{"embeddable":true,"href":"https:\/\/almaconvoz.com\/es\/wp-json\/wp\/v2\/users\/1"}],"replies":[{"embeddable":true,"href":"https:\/\/almaconvoz.com\/es\/wp-json\/wp\/v2\/comments?post=3186"}],"version-history":[{"count":9,"href":"https:\/\/almaconvoz.com\/es\/wp-json\/wp\/v2\/pages\/3186\/revisions"}],"predecessor-version":[{"id":5890,"href":"https:\/\/almaconvoz.com\/es\/wp-json\/wp\/v2\/pages\/3186\/revisions\/5890"}],"wp:attachment":[{"href":"https:\/\/almaconvoz.com\/es\/wp-json\/wp\/v2\/media?parent=3186"}],"curies":[{"name":"wp","href":"https:\/\/api.w.org\/{rel}","templated":true}]}}