{"id":3202,"date":"2024-04-22T21:28:31","date_gmt":"2024-04-22T21:28:31","guid":{"rendered":"https:\/\/almaconvoz.com\/?page_id=3202"},"modified":"2025-10-06T20:07:38","modified_gmt":"2025-10-06T20:07:38","slug":"ofrenda","status":"publish","type":"page","link":"https:\/\/almaconvoz.com\/es\/ofrenda\/","title":{"rendered":"Ofrenda"},"content":{"rendered":"<div data-elementor-type=\"wp-page\" data-elementor-id=\"3202\" class=\"elementor elementor-3202\" data-elementor-post-type=\"page\">\n\t\t\t\t<div class=\"elementor-element elementor-element-c539505 e-flex e-con-boxed e-con e-parent\" data-id=\"c539505\" data-element_type=\"container\" data-e-type=\"container\">\n\t\t\t\t\t<div class=\"e-con-inner\">\n\t\t\t\t<div class=\"elementor-element elementor-element-0549309 elementor-widget elementor-widget-heading\" data-id=\"0549309\" data-element_type=\"widget\" data-e-type=\"widget\" data-widget_type=\"heading.default\">\n\t\t\t\t<div class=\"elementor-widget-container\">\n\t\t\t\t\t<h2 class=\"elementor-heading-title elementor-size-default\">Ofrenda<\/h2>\t\t\t\t<\/div>\n\t\t\t\t<\/div>\n\t\t\t\t<div class=\"elementor-element elementor-element-e20ceff elementor-widget elementor-widget-text-editor\" data-id=\"e20ceff\" data-element_type=\"widget\" data-e-type=\"widget\" data-widget_type=\"text-editor.default\">\n\t\t\t\t<div class=\"elementor-widget-container\">\n\t\t\t\t\t\t\t\t\t<p>Te ofrezco mi coraz\u00f3n a ti tierra, a ti tierra,<br \/>a tus fuentes donde nace la energ\u00eda verdadera.<\/p><p>Te ofrezco mi alma entera a ti tierra<br \/>pai gran \u00f3rgano de luz, aguas sagradas te alimentan<\/p><p>Te ofrezco todo mi cuerpo a ti tierra, a ti tierra<br \/>tus pastos y tus reba\u00f1os, todo crezca, todo crezca<\/p><p>Te ofrezco mi pensamiento a ti tierra, a ti tierra<br \/>l\u00edbrame de sus tormentos y h\u00e1gase paz en La Tierra.<\/p>\t\t\t\t\t\t\t\t<\/div>\n\t\t\t\t<\/div>\n\t\t\t\t\t<\/div>\n\t\t\t\t<\/div>\n\t\t\t\t<\/div>","protected":false},"excerpt":{"rendered":"<p>Ofrenda Te ofrezco mi coraz\u00f3n a ti tierra, a ti tierra,a tus fuentes donde nace la energ\u00eda verdadera. Te ofrezco mi alma entera a ti tierrapai gran \u00f3rgano de luz, aguas sagradas te alimentan Te ofrezco todo mi cuerpo a ti tierra, a ti tierratus pastos y tus reba\u00f1os, todo crezca, todo crezca Te ofrezco [&hellip;]<\/p>\n","protected":false},"author":1,"featured_media":0,"parent":0,"menu_order":0,"comment_status":"closed","ping_status":"closed","template":"","meta":{"site-sidebar-layout":"no-sidebar","site-content-layout":"page-builder","ast-site-content-layout":"full-width-container","site-content-style":"default","site-sidebar-style":"default","ast-global-header-display":"","ast-banner-title-visibility":"","ast-main-header-display":"","ast-hfb-above-header-display":"","ast-hfb-below-header-display":"","ast-hfb-mobile-header-display":"","site-post-title":"disabled","ast-breadcrumbs-content":"","ast-featured-img":"disabled","footer-sml-layout":"","ast-disable-related-posts":"","theme-transparent-header-meta":"","adv-header-id-meta":"","stick-header-meta":"","header-above-stick-meta":"","header-main-stick-meta":"","header-below-stick-meta":"","astra-migrate-meta-layouts":"set","ast-page-background-enabled":"default","ast-page-background-meta":{"desktop":{"background-color":"","background-image":"","background-repeat":"repeat","background-position":"center center","background-size":"auto","background-attachment":"scroll","background-type":"","background-media":"","overlay-type":"","overlay-color":"","overlay-opacity":"","overlay-gradient":""},"tablet":{"background-color":"","background-image":"","background-repeat":"repeat","background-position":"center center","background-size":"auto","background-attachment":"scroll","background-type":"","background-media":"","overlay-type":"","overlay-color":"","overlay-opacity":"","overlay-gradient":""},"mobile":{"background-color":"","background-image":"","background-repeat":"repeat","background-position":"center center","background-size":"auto","background-attachment":"scroll","background-type":"","background-media":"","overlay-type":"","overlay-color":"","overlay-opacity":"","overlay-gradient":""}},"ast-content-background-meta":{"desktop":{"background-color":"var(--ast-global-color-5)","background-image":"","background-repeat":"repeat","background-position":"center center","background-size":"auto","background-attachment":"scroll","background-type":"","background-media":"","overlay-type":"","overlay-color":"","overlay-opacity":"","overlay-gradient":""},"tablet":{"background-color":"var(--ast-global-color-5)","background-image":"","background-repeat":"repeat","background-position":"center center","background-size":"auto","background-attachment":"scroll","background-type":"","background-media":"","overlay-type":"","overlay-color":"","overlay-opacity":"","overlay-gradient":""},"mobile":{"background-color":"var(--ast-global-color-5)","background-image":"","background-repeat":"repeat","background-position":"center center","background-size":"auto","background-attachment":"scroll","background-type":"","background-media":"","overlay-type":"","overlay-color":"","overlay-opacity":"","overlay-gradient":""}},"footnotes":""},"class_list":["post-3202","page","type-page","status-publish","hentry"],"aioseo_notices":[],"_links":{"self":[{"href":"https:\/\/almaconvoz.com\/es\/wp-json\/wp\/v2\/pages\/3202","targetHints":{"allow":["GET"]}}],"collection":[{"href":"https:\/\/almaconvoz.com\/es\/wp-json\/wp\/v2\/pages"}],"about":[{"href":"https:\/\/almaconvoz.com\/es\/wp-json\/wp\/v2\/types\/page"}],"author":[{"embeddable":true,"href":"https:\/\/almaconvoz.com\/es\/wp-json\/wp\/v2\/users\/1"}],"replies":[{"embeddable":true,"href":"https:\/\/almaconvoz.com\/es\/wp-json\/wp\/v2\/comments?post=3202"}],"version-history":[{"count":12,"href":"https:\/\/almaconvoz.com\/es\/wp-json\/wp\/v2\/pages\/3202\/revisions"}],"predecessor-version":[{"id":5893,"href":"https:\/\/almaconvoz.com\/es\/wp-json\/wp\/v2\/pages\/3202\/revisions\/5893"}],"wp:attachment":[{"href":"https:\/\/almaconvoz.com\/es\/wp-json\/wp\/v2\/media?parent=3202"}],"curies":[{"name":"wp","href":"https:\/\/api.w.org\/{rel}","templated":true}]}}