{"id":3207,"date":"2024-04-22T21:29:56","date_gmt":"2024-04-22T21:29:56","guid":{"rendered":"https:\/\/almaconvoz.com\/?page_id=3207"},"modified":"2025-10-06T20:09:14","modified_gmt":"2025-10-06T20:09:14","slug":"anaconda","status":"publish","type":"page","link":"https:\/\/almaconvoz.com\/es\/anaconda\/","title":{"rendered":"Anaconda"},"content":{"rendered":"<div data-elementor-type=\"wp-page\" data-elementor-id=\"3207\" class=\"elementor elementor-3207\" data-elementor-post-type=\"page\">\n\t\t\t\t<div class=\"elementor-element elementor-element-c539505 e-flex e-con-boxed e-con e-parent\" data-id=\"c539505\" data-element_type=\"container\" data-e-type=\"container\">\n\t\t\t\t\t<div class=\"e-con-inner\">\n\t\t\t\t<div class=\"elementor-element elementor-element-0549309 elementor-widget elementor-widget-heading\" data-id=\"0549309\" data-element_type=\"widget\" data-e-type=\"widget\" data-widget_type=\"heading.default\">\n\t\t\t\t<div class=\"elementor-widget-container\">\n\t\t\t\t\t<h2 class=\"elementor-heading-title elementor-size-default\">Anaconda<\/h2>\t\t\t\t<\/div>\n\t\t\t\t<\/div>\n\t\t\t\t<div class=\"elementor-element elementor-element-e20ceff elementor-widget elementor-widget-text-editor\" data-id=\"e20ceff\" data-element_type=\"widget\" data-e-type=\"widget\" data-widget_type=\"text-editor.default\">\n\t\t\t\t<div class=\"elementor-widget-container\">\n\t\t\t\t\t\t\t\t\t<p>Om Shiva Om X8<\/p><p>(Yo soy la Anaconda que naci\u00f3 del sol,<br \/>\u00e1guila dorada, tigre y gorri\u00f3n<br \/>soy el pajarito que quiere volar,<br \/>que desde su nido comienza a cantar) X4<\/p><p>Que as\u00ed despacito sube la corriente,<br \/>que as\u00ed despacito despierta la gente<\/p><p>Yo creo, yo creo, yo creo<br \/>en la luz del amor yo creo<br \/>conf\u00edo, conf\u00edo, conf\u00edo<br \/>en su vibraci\u00f3n yo conf\u00edo<\/p><p>Om Shiva Om X8<\/p><p>(Yo soy la serpiente que por el rio va<br \/>dorado es mi cuerpo, libre mi cantar<br \/>soy como sirena en aguas de cristal<br \/>siguiendo el sonido del fondo del mar) X4<\/p><p>Que as\u00ed despacito sube la corriente,<br \/>que as\u00ed despacito despierta la gente<\/p><p>Yo creo, yo creo, yo creo<br \/>en la luz del amor yo creo<br \/>conf\u00edo, conf\u00edo, conf\u00edo<br \/>en su vibraci\u00f3n yo conf\u00edo<\/p><p>Yo creo, yo creo, yo creo<br \/>en la luz del amor yo creo<br \/>conf\u00edo, conf\u00edo, conf\u00edo<br \/>en su vibraci\u00f3n yo conf\u00edo<\/p>\t\t\t\t\t\t\t\t<\/div>\n\t\t\t\t<\/div>\n\t\t\t\t\t<\/div>\n\t\t\t\t<\/div>\n\t\t\t\t<\/div>","protected":false},"excerpt":{"rendered":"<p>Anaconda Om Shiva Om X8 (Yo soy la Anaconda que naci\u00f3 del sol,\u00e1guila dorada, tigre y gorri\u00f3nsoy el pajarito que quiere volar,que desde su nido comienza a cantar) X4 Que as\u00ed despacito sube la corriente,que as\u00ed despacito despierta la gente Yo creo, yo creo, yo creoen la luz del amor yo creoconf\u00edo, conf\u00edo, conf\u00edoen su [&hellip;]<\/p>\n","protected":false},"author":1,"featured_media":0,"parent":0,"menu_order":0,"comment_status":"closed","ping_status":"closed","template":"","meta":{"site-sidebar-layout":"no-sidebar","site-content-layout":"page-builder","ast-site-content-layout":"full-width-container","site-content-style":"default","site-sidebar-style":"default","ast-global-header-display":"","ast-banner-title-visibility":"","ast-main-header-display":"","ast-hfb-above-header-display":"","ast-hfb-below-header-display":"","ast-hfb-mobile-header-display":"","site-post-title":"disabled","ast-breadcrumbs-content":"","ast-featured-img":"disabled","footer-sml-layout":"","ast-disable-related-posts":"","theme-transparent-header-meta":"","adv-header-id-meta":"","stick-header-meta":"","header-above-stick-meta":"","header-main-stick-meta":"","header-below-stick-meta":"","astra-migrate-meta-layouts":"set","ast-page-background-enabled":"default","ast-page-background-meta":{"desktop":{"background-color":"","background-image":"","background-repeat":"repeat","background-position":"center center","background-size":"auto","background-attachment":"scroll","background-type":"","background-media":"","overlay-type":"","overlay-color":"","overlay-opacity":"","overlay-gradient":""},"tablet":{"background-color":"","background-image":"","background-repeat":"repeat","background-position":"center center","background-size":"auto","background-attachment":"scroll","background-type":"","background-media":"","overlay-type":"","overlay-color":"","overlay-opacity":"","overlay-gradient":""},"mobile":{"background-color":"","background-image":"","background-repeat":"repeat","background-position":"center center","background-size":"auto","background-attachment":"scroll","background-type":"","background-media":"","overlay-type":"","overlay-color":"","overlay-opacity":"","overlay-gradient":""}},"ast-content-background-meta":{"desktop":{"background-color":"var(--ast-global-color-5)","background-image":"","background-repeat":"repeat","background-position":"center center","background-size":"auto","background-attachment":"scroll","background-type":"","background-media":"","overlay-type":"","overlay-color":"","overlay-opacity":"","overlay-gradient":""},"tablet":{"background-color":"var(--ast-global-color-5)","background-image":"","background-repeat":"repeat","background-position":"center center","background-size":"auto","background-attachment":"scroll","background-type":"","background-media":"","overlay-type":"","overlay-color":"","overlay-opacity":"","overlay-gradient":""},"mobile":{"background-color":"var(--ast-global-color-5)","background-image":"","background-repeat":"repeat","background-position":"center center","background-size":"auto","background-attachment":"scroll","background-type":"","background-media":"","overlay-type":"","overlay-color":"","overlay-opacity":"","overlay-gradient":""}},"footnotes":""},"class_list":["post-3207","page","type-page","status-publish","hentry"],"aioseo_notices":[],"_links":{"self":[{"href":"https:\/\/almaconvoz.com\/es\/wp-json\/wp\/v2\/pages\/3207","targetHints":{"allow":["GET"]}}],"collection":[{"href":"https:\/\/almaconvoz.com\/es\/wp-json\/wp\/v2\/pages"}],"about":[{"href":"https:\/\/almaconvoz.com\/es\/wp-json\/wp\/v2\/types\/page"}],"author":[{"embeddable":true,"href":"https:\/\/almaconvoz.com\/es\/wp-json\/wp\/v2\/users\/1"}],"replies":[{"embeddable":true,"href":"https:\/\/almaconvoz.com\/es\/wp-json\/wp\/v2\/comments?post=3207"}],"version-history":[{"count":12,"href":"https:\/\/almaconvoz.com\/es\/wp-json\/wp\/v2\/pages\/3207\/revisions"}],"predecessor-version":[{"id":5896,"href":"https:\/\/almaconvoz.com\/es\/wp-json\/wp\/v2\/pages\/3207\/revisions\/5896"}],"wp:attachment":[{"href":"https:\/\/almaconvoz.com\/es\/wp-json\/wp\/v2\/media?parent=3207"}],"curies":[{"name":"wp","href":"https:\/\/api.w.org\/{rel}","templated":true}]}}