{"id":3246,"date":"2024-04-22T21:48:00","date_gmt":"2024-04-22T21:48:00","guid":{"rendered":"https:\/\/almaconvoz.com\/?page_id=3246"},"modified":"2025-10-06T20:18:43","modified_gmt":"2025-10-06T20:18:43","slug":"cunita-de-luna","status":"publish","type":"page","link":"https:\/\/almaconvoz.com\/es\/cunita-de-luna\/","title":{"rendered":"Cunita de Luna"},"content":{"rendered":"<div data-elementor-type=\"wp-page\" data-elementor-id=\"3246\" class=\"elementor elementor-3246\" data-elementor-post-type=\"page\">\n\t\t\t\t<div class=\"elementor-element elementor-element-c539505 e-flex e-con-boxed e-con e-parent\" data-id=\"c539505\" data-element_type=\"container\" data-e-type=\"container\">\n\t\t\t\t\t<div class=\"e-con-inner\">\n\t\t\t\t<div class=\"elementor-element elementor-element-0549309 elementor-widget elementor-widget-heading\" data-id=\"0549309\" data-element_type=\"widget\" data-e-type=\"widget\" data-widget_type=\"heading.default\">\n\t\t\t\t<div class=\"elementor-widget-container\">\n\t\t\t\t\t<h2 class=\"elementor-heading-title elementor-size-default\">Cunita de Luna<\/h2>\t\t\t\t<\/div>\n\t\t\t\t<\/div>\n\t\t\t\t<div class=\"elementor-element elementor-element-e20ceff elementor-widget elementor-widget-text-editor\" data-id=\"e20ceff\" data-element_type=\"widget\" data-e-type=\"widget\" data-widget_type=\"text-editor.default\">\n\t\t\t\t<div class=\"elementor-widget-container\">\n\t\t\t\t\t\t\t\t\t<p>\u00a0<\/p><p>Una cunita de luna sobre nubes de algod\u00f3n<br \/>Un pececito de plata cerca a un barco de cart\u00f3n<br \/>Y tus ojitos azules buscan el cielo alcanzar<br \/>Se pierden en tu inocencia, m\u00e1s all\u00e1 del sol ya van.<\/p><p>Dime a donde vuelas, dime a donde vas<br \/>Cuando ves las nubes en su lento caminar<br \/>Ll\u00e9vame a otro lugar<br \/>Ll\u00e9vame a otro lugar<br \/>Te quiero, Te quiero.<\/p><p>Una laguna dorada en el centro del amor<br \/>L\u00e1grimas de la monta\u00f1a que adorna tu coraz\u00f3n<br \/>Una cajita de flores para tu alma feliz<br \/>Y besos de mil colores para hacerte sonre\u00edr.<\/p><p>Dime a donde vuelas, dime a donde vas<br \/>Cuando ves las nubes en su lento caminar<br \/>Cu\u00e9ntame la historia ,as\u00ed, sin hablar<br \/>de la estrella hermosa que te trajo hasta mi mar<br \/>Y ll\u00e9vame a otro lugar<br \/>Ll\u00e9vame a otro lugar<br \/>Te quiero, Te quiero.<\/p>\t\t\t\t\t\t\t\t<\/div>\n\t\t\t\t<\/div>\n\t\t\t\t\t<\/div>\n\t\t\t\t<\/div>\n\t\t\t\t<\/div>","protected":false},"excerpt":{"rendered":"<p>Cunita de Luna \u00a0 Una cunita de luna sobre nubes de algod\u00f3nUn pececito de plata cerca a un barco de cart\u00f3nY tus ojitos azules buscan el cielo alcanzarSe pierden en tu inocencia, m\u00e1s all\u00e1 del sol ya van. Dime a donde vuelas, dime a donde vasCuando ves las nubes en su lento caminarLl\u00e9vame a otro [&hellip;]<\/p>\n","protected":false},"author":1,"featured_media":0,"parent":0,"menu_order":0,"comment_status":"closed","ping_status":"closed","template":"","meta":{"site-sidebar-layout":"no-sidebar","site-content-layout":"page-builder","ast-site-content-layout":"full-width-container","site-content-style":"default","site-sidebar-style":"default","ast-global-header-display":"","ast-banner-title-visibility":"","ast-main-header-display":"","ast-hfb-above-header-display":"","ast-hfb-below-header-display":"","ast-hfb-mobile-header-display":"","site-post-title":"disabled","ast-breadcrumbs-content":"","ast-featured-img":"disabled","footer-sml-layout":"","ast-disable-related-posts":"","theme-transparent-header-meta":"","adv-header-id-meta":"","stick-header-meta":"","header-above-stick-meta":"","header-main-stick-meta":"","header-below-stick-meta":"","astra-migrate-meta-layouts":"set","ast-page-background-enabled":"default","ast-page-background-meta":{"desktop":{"background-color":"","background-image":"","background-repeat":"repeat","background-position":"center center","background-size":"auto","background-attachment":"scroll","background-type":"","background-media":"","overlay-type":"","overlay-color":"","overlay-opacity":"","overlay-gradient":""},"tablet":{"background-color":"","background-image":"","background-repeat":"repeat","background-position":"center center","background-size":"auto","background-attachment":"scroll","background-type":"","background-media":"","overlay-type":"","overlay-color":"","overlay-opacity":"","overlay-gradient":""},"mobile":{"background-color":"","background-image":"","background-repeat":"repeat","background-position":"center center","background-size":"auto","background-attachment":"scroll","background-type":"","background-media":"","overlay-type":"","overlay-color":"","overlay-opacity":"","overlay-gradient":""}},"ast-content-background-meta":{"desktop":{"background-color":"var(--ast-global-color-5)","background-image":"","background-repeat":"repeat","background-position":"center center","background-size":"auto","background-attachment":"scroll","background-type":"","background-media":"","overlay-type":"","overlay-color":"","overlay-opacity":"","overlay-gradient":""},"tablet":{"background-color":"var(--ast-global-color-5)","background-image":"","background-repeat":"repeat","background-position":"center center","background-size":"auto","background-attachment":"scroll","background-type":"","background-media":"","overlay-type":"","overlay-color":"","overlay-opacity":"","overlay-gradient":""},"mobile":{"background-color":"var(--ast-global-color-5)","background-image":"","background-repeat":"repeat","background-position":"center center","background-size":"auto","background-attachment":"scroll","background-type":"","background-media":"","overlay-type":"","overlay-color":"","overlay-opacity":"","overlay-gradient":""}},"footnotes":""},"class_list":["post-3246","page","type-page","status-publish","hentry"],"aioseo_notices":[],"_links":{"self":[{"href":"https:\/\/almaconvoz.com\/es\/wp-json\/wp\/v2\/pages\/3246","targetHints":{"allow":["GET"]}}],"collection":[{"href":"https:\/\/almaconvoz.com\/es\/wp-json\/wp\/v2\/pages"}],"about":[{"href":"https:\/\/almaconvoz.com\/es\/wp-json\/wp\/v2\/types\/page"}],"author":[{"embeddable":true,"href":"https:\/\/almaconvoz.com\/es\/wp-json\/wp\/v2\/users\/1"}],"replies":[{"embeddable":true,"href":"https:\/\/almaconvoz.com\/es\/wp-json\/wp\/v2\/comments?post=3246"}],"version-history":[{"count":9,"href":"https:\/\/almaconvoz.com\/es\/wp-json\/wp\/v2\/pages\/3246\/revisions"}],"predecessor-version":[{"id":5912,"href":"https:\/\/almaconvoz.com\/es\/wp-json\/wp\/v2\/pages\/3246\/revisions\/5912"}],"wp:attachment":[{"href":"https:\/\/almaconvoz.com\/es\/wp-json\/wp\/v2\/media?parent=3246"}],"curies":[{"name":"wp","href":"https:\/\/api.w.org\/{rel}","templated":true}]}}