{"id":3253,"date":"2024-04-22T21:49:49","date_gmt":"2024-04-22T21:49:49","guid":{"rendered":"https:\/\/almaconvoz.com\/?page_id=3253"},"modified":"2025-10-06T20:19:08","modified_gmt":"2025-10-06T20:19:08","slug":"en-la-otra-orilla","status":"publish","type":"page","link":"https:\/\/almaconvoz.com\/es\/en-la-otra-orilla\/","title":{"rendered":"En la Otra Orilla"},"content":{"rendered":"<div data-elementor-type=\"wp-page\" data-elementor-id=\"3253\" class=\"elementor elementor-3253\" data-elementor-post-type=\"page\">\n\t\t\t\t<div class=\"elementor-element elementor-element-c539505 e-flex e-con-boxed e-con e-parent\" data-id=\"c539505\" data-element_type=\"container\" data-e-type=\"container\">\n\t\t\t\t\t<div class=\"e-con-inner\">\n\t\t\t\t<div class=\"elementor-element elementor-element-0549309 elementor-widget elementor-widget-heading\" data-id=\"0549309\" data-element_type=\"widget\" data-e-type=\"widget\" data-widget_type=\"heading.default\">\n\t\t\t\t<div class=\"elementor-widget-container\">\n\t\t\t\t\t<h2 class=\"elementor-heading-title elementor-size-default\">En la Otra Orilla<\/h2>\t\t\t\t<\/div>\n\t\t\t\t<\/div>\n\t\t\t\t<div class=\"elementor-element elementor-element-e20ceff elementor-widget elementor-widget-text-editor\" data-id=\"e20ceff\" data-element_type=\"widget\" data-e-type=\"widget\" data-widget_type=\"text-editor.default\">\n\t\t\t\t<div class=\"elementor-widget-container\">\n\t\t\t\t\t\t\t\t\t<p>\u00a0<\/p><p>Un suspiro en la ma\u00f1ana y tu olor est\u00e1 en el aire<br \/>Es la brisa la culpable de sentirte a cada instante<br \/>Es tan fuerte este dolor que en mi pecho no cabe<br \/>Y es tan frio en mis venas desde el d\u00eda en que me dejaste.<\/p><p>Quiz\u00e1s alg\u00fan d\u00eda te vuelva a encontrar<br \/>En la otra orilla del mar<br \/>Con tus ojitos llenos de luz<br \/>Quiz\u00e1s mientras duermes te vaya a buscar<br \/>Solo para poderte mirar<br \/>Y en silencio volverme a alejar<br \/>Quiz\u00e1s<\/p><p>Fueron pocos los momentos y por que me duele tanto<br \/>Ya no quiero que hable el viento si con \u00e9l suena mi llanto<br \/>Fui solo un adorno tuyo, algo que se cambia al rato<br \/>Y en mi boca est\u00e1 este grito de la pena que hoy te canto<\/p><p>Quiz\u00e1s alg\u00fan d\u00eda te vuelva a encontrar<\/p><p>En la otra orilla del mar<br \/>Con tus ojitos llenos de luz<br \/>Quiz\u00e1s mientras duermes te vaya a buscar<br \/>Solo para poderte mirar<br \/>Y en silencio volverme a alejar<br \/>Quiz\u00e1s<\/p>\t\t\t\t\t\t\t\t<\/div>\n\t\t\t\t<\/div>\n\t\t\t\t\t<\/div>\n\t\t\t\t<\/div>\n\t\t\t\t<\/div>","protected":false},"excerpt":{"rendered":"<p>En la Otra Orilla \u00a0 Un suspiro en la ma\u00f1ana y tu olor est\u00e1 en el aireEs la brisa la culpable de sentirte a cada instanteEs tan fuerte este dolor que en mi pecho no cabeY es tan frio en mis venas desde el d\u00eda en que me dejaste. Quiz\u00e1s alg\u00fan d\u00eda te vuelva a [&hellip;]<\/p>\n","protected":false},"author":1,"featured_media":0,"parent":0,"menu_order":0,"comment_status":"closed","ping_status":"closed","template":"","meta":{"site-sidebar-layout":"no-sidebar","site-content-layout":"page-builder","ast-site-content-layout":"full-width-container","site-content-style":"default","site-sidebar-style":"default","ast-global-header-display":"","ast-banner-title-visibility":"","ast-main-header-display":"","ast-hfb-above-header-display":"","ast-hfb-below-header-display":"","ast-hfb-mobile-header-display":"","site-post-title":"disabled","ast-breadcrumbs-content":"","ast-featured-img":"disabled","footer-sml-layout":"","ast-disable-related-posts":"","theme-transparent-header-meta":"","adv-header-id-meta":"","stick-header-meta":"","header-above-stick-meta":"","header-main-stick-meta":"","header-below-stick-meta":"","astra-migrate-meta-layouts":"set","ast-page-background-enabled":"default","ast-page-background-meta":{"desktop":{"background-color":"","background-image":"","background-repeat":"repeat","background-position":"center center","background-size":"auto","background-attachment":"scroll","background-type":"","background-media":"","overlay-type":"","overlay-color":"","overlay-opacity":"","overlay-gradient":""},"tablet":{"background-color":"","background-image":"","background-repeat":"repeat","background-position":"center center","background-size":"auto","background-attachment":"scroll","background-type":"","background-media":"","overlay-type":"","overlay-color":"","overlay-opacity":"","overlay-gradient":""},"mobile":{"background-color":"","background-image":"","background-repeat":"repeat","background-position":"center center","background-size":"auto","background-attachment":"scroll","background-type":"","background-media":"","overlay-type":"","overlay-color":"","overlay-opacity":"","overlay-gradient":""}},"ast-content-background-meta":{"desktop":{"background-color":"var(--ast-global-color-5)","background-image":"","background-repeat":"repeat","background-position":"center center","background-size":"auto","background-attachment":"scroll","background-type":"","background-media":"","overlay-type":"","overlay-color":"","overlay-opacity":"","overlay-gradient":""},"tablet":{"background-color":"var(--ast-global-color-5)","background-image":"","background-repeat":"repeat","background-position":"center center","background-size":"auto","background-attachment":"scroll","background-type":"","background-media":"","overlay-type":"","overlay-color":"","overlay-opacity":"","overlay-gradient":""},"mobile":{"background-color":"var(--ast-global-color-5)","background-image":"","background-repeat":"repeat","background-position":"center center","background-size":"auto","background-attachment":"scroll","background-type":"","background-media":"","overlay-type":"","overlay-color":"","overlay-opacity":"","overlay-gradient":""}},"footnotes":""},"class_list":["post-3253","page","type-page","status-publish","hentry"],"aioseo_notices":[],"_links":{"self":[{"href":"https:\/\/almaconvoz.com\/es\/wp-json\/wp\/v2\/pages\/3253","targetHints":{"allow":["GET"]}}],"collection":[{"href":"https:\/\/almaconvoz.com\/es\/wp-json\/wp\/v2\/pages"}],"about":[{"href":"https:\/\/almaconvoz.com\/es\/wp-json\/wp\/v2\/types\/page"}],"author":[{"embeddable":true,"href":"https:\/\/almaconvoz.com\/es\/wp-json\/wp\/v2\/users\/1"}],"replies":[{"embeddable":true,"href":"https:\/\/almaconvoz.com\/es\/wp-json\/wp\/v2\/comments?post=3253"}],"version-history":[{"count":15,"href":"https:\/\/almaconvoz.com\/es\/wp-json\/wp\/v2\/pages\/3253\/revisions"}],"predecessor-version":[{"id":5915,"href":"https:\/\/almaconvoz.com\/es\/wp-json\/wp\/v2\/pages\/3253\/revisions\/5915"}],"wp:attachment":[{"href":"https:\/\/almaconvoz.com\/es\/wp-json\/wp\/v2\/media?parent=3253"}],"curies":[{"name":"wp","href":"https:\/\/api.w.org\/{rel}","templated":true}]}}