{"id":4392,"date":"2024-12-20T14:59:27","date_gmt":"2024-12-20T14:59:27","guid":{"rendered":"https:\/\/almaconvoz.com\/?page_id=4392"},"modified":"2026-02-04T02:08:48","modified_gmt":"2026-02-04T02:08:48","slug":"tambor-latido-de-vida","status":"publish","type":"page","link":"https:\/\/almaconvoz.com\/es\/tambor-latido-de-vida\/","title":{"rendered":"Tambor: Latido de vida"},"content":{"rendered":"<div data-elementor-type=\"wp-page\" data-elementor-id=\"4392\" class=\"elementor elementor-4392\" data-elementor-post-type=\"page\">\n\t\t\t\t<div class=\"elementor-element elementor-element-a4e43e6 e-flex e-con-boxed e-con e-parent\" data-id=\"a4e43e6\" data-element_type=\"container\" data-e-type=\"container\">\n\t\t\t\t\t<div class=\"e-con-inner\">\n\t\t\t\t<div class=\"elementor-element elementor-element-0549309 elementor-widget elementor-widget-heading\" data-id=\"0549309\" data-element_type=\"widget\" data-e-type=\"widget\" data-widget_type=\"heading.default\">\n\t\t\t\t<div class=\"elementor-widget-container\">\n\t\t\t\t\t<h1 class=\"elementor-heading-title elementor-size-default\">TAMBOR: LATIDO DE VIDA<\/h1>\t\t\t\t<\/div>\n\t\t\t\t<\/div>\n\t\t\t\t<div class=\"elementor-element elementor-element-1a3755a elementor-widget elementor-widget-image\" data-id=\"1a3755a\" data-element_type=\"widget\" data-e-type=\"widget\" data-widget_type=\"image.default\">\n\t\t\t\t<div class=\"elementor-widget-container\">\n\t\t\t\t\t\t\t\t\t\t\t\t\t\t\t<img fetchpriority=\"high\" decoding=\"async\" width=\"1024\" height=\"1024\" src=\"https:\/\/almaconvoz.com\/wp-content\/uploads\/2025\/01\/Tambor-latido-de-vida-sin-fecha-1024x1024.jpg\" class=\"attachment-large size-large wp-image-4799\" alt=\"\" srcset=\"https:\/\/almaconvoz.com\/wp-content\/uploads\/2025\/01\/Tambor-latido-de-vida-sin-fecha-1024x1024.jpg 1024w, https:\/\/almaconvoz.com\/wp-content\/uploads\/2025\/01\/Tambor-latido-de-vida-sin-fecha-300x300.jpg 300w, https:\/\/almaconvoz.com\/wp-content\/uploads\/2025\/01\/Tambor-latido-de-vida-sin-fecha-150x150.jpg 150w, https:\/\/almaconvoz.com\/wp-content\/uploads\/2025\/01\/Tambor-latido-de-vida-sin-fecha-768x768.jpg 768w, https:\/\/almaconvoz.com\/wp-content\/uploads\/2025\/01\/Tambor-latido-de-vida-sin-fecha-1536x1536.jpg 1536w, https:\/\/almaconvoz.com\/wp-content\/uploads\/2025\/01\/Tambor-latido-de-vida-sin-fecha-12x12.jpg 12w, https:\/\/almaconvoz.com\/wp-content\/uploads\/2025\/01\/Tambor-latido-de-vida-sin-fecha-600x600.jpg 600w, https:\/\/almaconvoz.com\/wp-content\/uploads\/2025\/01\/Tambor-latido-de-vida-sin-fecha-100x100.jpg 100w, https:\/\/almaconvoz.com\/wp-content\/uploads\/2025\/01\/Tambor-latido-de-vida-sin-fecha.jpg 1800w\" sizes=\"(max-width: 1024px) 100vw, 1024px\" \/>\t\t\t\t\t\t\t\t\t\t\t\t\t\t\t<\/div>\n\t\t\t\t<\/div>\n\t\t\t\t<div class=\"elementor-element elementor-element-3259a16 elementor-align-center elementor-widget elementor-widget-button\" data-id=\"3259a16\" data-element_type=\"widget\" data-e-type=\"widget\" data-widget_type=\"button.default\">\n\t\t\t\t<div class=\"elementor-widget-container\">\n\t\t\t\t\t\t\t\t\t<div class=\"elementor-button-wrapper\">\n\t\t\t\t\t<a class=\"elementor-button elementor-button-link elementor-size-sm\" href=\"https:\/\/almaconvoz.com\/es\/cart-almaconvoz\/?add-to-cart=4609&#038;quantity=1\">\n\t\t\t\t\t\t<span class=\"elementor-button-content-wrapper\">\n\t\t\t\t\t\t\t\t\t<span class=\"elementor-button-text\">Inscr\u00edbete aqu\u00ed<\/span>\n\t\t\t\t\t<\/span>\n\t\t\t\t\t<\/a>\n\t\t\t\t<\/div>\n\t\t\t\t\t\t\t\t<\/div>\n\t\t\t\t<\/div>\n\t\t\t\t\t<\/div>\n\t\t\t\t<\/div>\n\t\t<div class=\"elementor-element elementor-element-c539505 e-flex e-con-boxed e-con e-parent\" data-id=\"c539505\" data-element_type=\"container\" data-e-type=\"container\">\n\t\t\t\t\t<div class=\"e-con-inner\">\n\t\t\t\t<div class=\"elementor-element elementor-element-975caad elementor-widget elementor-widget-text-editor\" data-id=\"975caad\" data-element_type=\"widget\" data-e-type=\"widget\" data-widget_type=\"text-editor.default\">\n\t\t\t\t<div class=\"elementor-widget-container\">\n\t\t\t\t\t\t\t\t\t<p><b>Tienes un tambor y no sabes por d\u00f3nde empezar? En este espacio exploraremos las bases del ritmo y la esencia de este poderoso instrumento como nuestro aliado sonoro,\u00a0 para que puedas acompa\u00f1ar tus cantos y tu camino con su presencia.\u00a0 Desde un enfoque pr\u00e1ctico, repasamos conceptos para entender la funci\u00f3n del ritmo en toda la m\u00fasica.\u00a0<\/b><\/p><p><b>No necesitas conocimientos previos. Apto para todas las edades.<\/b><\/p>\t\t\t\t\t\t\t\t<\/div>\n\t\t\t\t<\/div>\n\t\t\t\t<div class=\"elementor-element elementor-element-6cf38b4 elementor-widget elementor-widget-text-editor\" data-id=\"6cf38b4\" data-element_type=\"widget\" data-e-type=\"widget\" data-widget_type=\"text-editor.default\">\n\t\t\t\t<div class=\"elementor-widget-container\">\n\t\t\t\t\t\t\t\t\t<p><b>WHAT IS IT ABOUT?<\/b><\/p>\t\t\t\t\t\t\t\t<\/div>\n\t\t\t\t<\/div>\n\t\t\t\t<div class=\"elementor-element elementor-element-bec34b3 elementor-widget elementor-widget-text-editor\" data-id=\"bec34b3\" data-element_type=\"widget\" data-e-type=\"widget\" data-widget_type=\"text-editor.default\">\n\t\t\t\t<div class=\"elementor-widget-container\">\n\t\t\t\t\t\t\t\t\t<p><b>El tambor es m\u00e1s que un instrumento de percusi\u00f3n: su sonido representa el latido de la vida. Los latidos del coraz\u00f3n son el primer ritmo que escuchamos en el vientre materno, sonido de nuestro existir que nos acompa\u00f1a siempre en nuestro camino.<\/b><\/p><p><span style=\"font-size: 16px;\"><b> En este curso, exploraremos la conexi\u00f3n profunda entre ritmo, voz y energ\u00eda, combinando pr\u00e1cticas r\u00edtmicas y vocales para liberar tu canto en perfecta armon\u00eda con el tambor, un instrumento ancestral que despierta memorias ancestrales y nos conecta con la naturaleza y el esp\u00edritu de todo lo existente.\u00a0<\/b><\/span><\/p><p><em>No necesitas conocimientos previos. Recomendado para todas las edades a partir de los 13 a\u00f1os.<\/em><\/p>\t\t\t\t\t\t\t\t<\/div>\n\t\t\t\t<\/div>\n\t\t\t\t<div class=\"elementor-element elementor-element-a1b60da elementor-widget elementor-widget-text-editor\" data-id=\"a1b60da\" data-element_type=\"widget\" data-e-type=\"widget\" data-widget_type=\"text-editor.default\">\n\t\t\t\t<div class=\"elementor-widget-container\">\n\t\t\t\t\t\t\t\t\t<p>LO QUE APRENDEREMOS<\/p>\t\t\t\t\t\t\t\t<\/div>\n\t\t\t\t<\/div>\n\t\t\t\t<div class=\"elementor-element elementor-element-74df85d elementor-widget elementor-widget-text-editor\" data-id=\"74df85d\" data-element_type=\"widget\" data-e-type=\"widget\" data-widget_type=\"text-editor.default\">\n\t\t\t\t<div class=\"elementor-widget-container\">\n\t\t\t\t\t\t\t\t\t<ul><li aria-level=\"1\"><b>Sentir la relaci\u00f3n entre el tambor y tu coraz\u00f3n, conectando con la energ\u00eda vital.<\/b><\/li><\/ul><ul><li aria-level=\"1\"><b>Practicar los elementos esenciales del ritmo: pulso, comp\u00e1s y patrones b\u00e1sicos.<\/b><\/li><\/ul><ul><li aria-level=\"1\"><b>Explorar ritmos ancestrales (binarios, ternarios y compuestos) utilizados a lo largo de la historia.<\/b><\/li><\/ul><ul><li aria-level=\"1\"><b>Acompa\u00f1ar cualquier canto identificando su pulso y creando armon\u00edas.<\/b><\/li><\/ul><ul><li aria-level=\"1\"><b>Improvisar tu voz sobre diferentes ritmos.<\/b><\/li><\/ul><ul><li aria-level=\"1\"><b>Conectar con la energ\u00eda liberadora del sonido y el ritmo del tambor.<\/b><\/li><\/ul><ul><li aria-level=\"1\"><b>Usar la voz y el tambor como herramientas para desbloquear memorias y liberar emociones.<\/b><\/li><\/ul>\t\t\t\t\t\t\t\t<\/div>\n\t\t\t\t<\/div>\n\t\t\t\t<div class=\"elementor-element elementor-element-6c22afe elementor-widget elementor-widget-text-editor\" data-id=\"6c22afe\" data-element_type=\"widget\" data-e-type=\"widget\" data-widget_type=\"text-editor.default\">\n\t\t\t\t<div class=\"elementor-widget-container\">\n\t\t\t\t\t\t\t\t\t<p><b>CONTENIDO<\/b><\/p>\t\t\t\t\t\t\t\t<\/div>\n\t\t\t\t<\/div>\n\t\t\t\t<div class=\"elementor-element elementor-element-89536a7 elementor-widget elementor-widget-text-editor\" data-id=\"89536a7\" data-element_type=\"widget\" data-e-type=\"widget\" data-widget_type=\"text-editor.default\">\n\t\t\t\t<div class=\"elementor-widget-container\">\n\t\t\t\t\t\t\t\t\t<h4><strong>Clase 1:<\/strong><\/h4><p>Meditaci\u00f3n\/Respiraci\u00f3n<br \/>Introducci\u00f3n y presentaci\u00f3n del grupo<br \/><strong>ELEMENTOS DE LA M\u00daSICA : RITMO<\/strong><br \/>Ejercicio practico de sonido<br \/>Tarea<\/p><h4><strong>Clase 2:<\/strong><\/h4><p>Meditaci\u00f3n\/Respiraci\u00f3n<br \/>Preguntas<br \/>Calentamiento<br \/><strong>TIEMPOS Y N\u00daMEROS<\/strong><br \/>Ejercicio pr\u00e1ctico<br \/>Tarea<\/p><h4><strong>Clase 3:<\/strong><\/h4><p>Meditaci\u00f3n\/Respiraci\u00f3n<br \/>Preguntas<br \/>Calentamiento<br \/><strong>LATIDO DEL CORAZ\u00d3N Y RITMOS DE CANTOS<\/strong><br \/>Ejercicio pr\u00e1ctico<br \/>Tarea<\/p><h4><strong>Clase 4:<\/strong><\/h4><p>Meditaci\u00f3n\/Respiraci\u00f3n<br \/>Preguntas<br \/>Calentamiento<br \/><strong>CANTOS CON TAMBOR<\/strong><br \/>Ejercicio pr\u00e1ctico<br \/>Despedida<\/p>\t\t\t\t\t\t\t\t<\/div>\n\t\t\t\t<\/div>\n\t\t\t\t<div class=\"elementor-element elementor-element-5020ac7 elementor-widget elementor-widget-text-editor\" data-id=\"5020ac7\" data-element_type=\"widget\" data-e-type=\"widget\" data-widget_type=\"text-editor.default\">\n\t\t\t\t<div class=\"elementor-widget-container\">\n\t\t\t\t\t\t\t\t\t<p><strong>Tendremos 4 sesiones de 90 minutos cada una<\/strong><\/p>\n<p><strong>Nuestras clases ser\u00e1n los Jueves: <\/strong><\/p>\n<p><strong>5, 12, 19 y 26 de febrero 2026<\/strong><\/p>\n<p>6:00 \u2013 7:30 pm (Colombia)<\/p>\n<p>5:00 pm &#8211; 6:30 pm (Ciudad de M\u00e9xico)<\/p>\n<p>3:00 \u2013 4:30 pm (California)<\/p>\n<p><strong>Todos las clases ser\u00e1n EN VIVO a trav\u00e9s de la Plataforma ZOOM<\/strong><\/p>\n<p>Las clases ser\u00e1n grabadas y compartidas por nuestro canal de Telegram<\/p>\n<p><strong>Al unirte, recibir\u00e1s por correo:<\/strong><\/p>\n<p>&#8211; El link de Zoom para las clases<\/p>\n<p>-El link de nuestro grupo en Telegram, donde tambi\u00e9n publicaremos las grabaciones<\/p>\n<h4 style=\"text-align: center;\"><b>VALOR<\/b><\/h4>\n<h3 style=\"text-align: center;\"><b>$80 USD&nbsp;<\/b><\/h3>\t\t\t\t\t\t\t\t<\/div>\n\t\t\t\t<\/div>\n\t\t\t\t<div class=\"elementor-element elementor-element-0b32017 elementor-align-center elementor-widget elementor-widget-button\" data-id=\"0b32017\" data-element_type=\"widget\" data-e-type=\"widget\" data-widget_type=\"button.default\">\n\t\t\t\t<div class=\"elementor-widget-container\">\n\t\t\t\t\t\t\t\t\t<div class=\"elementor-button-wrapper\">\n\t\t\t\t\t<a class=\"elementor-button elementor-button-link elementor-size-sm\" href=\"https:\/\/almaconvoz.com\/es\/cart-almaconvoz\/?add-to-cart=4609&#038;quantity=1\">\n\t\t\t\t\t\t<span class=\"elementor-button-content-wrapper\">\n\t\t\t\t\t\t\t\t\t<span class=\"elementor-button-text\">Inscr\u00edbete aqu\u00ed<\/span>\n\t\t\t\t\t<\/span>\n\t\t\t\t\t<\/a>\n\t\t\t\t<\/div>\n\t\t\t\t\t\t\t\t<\/div>\n\t\t\t\t<\/div>\n\t\t\t\t<div class=\"elementor-element elementor-element-e845c79 elementor-widget elementor-widget-text-editor\" data-id=\"e845c79\" data-element_type=\"widget\" data-e-type=\"widget\" data-widget_type=\"text-editor.default\">\n\t\t\t\t<div class=\"elementor-widget-container\">\n\t\t\t\t\t\t\t\t\t<p><b>RECOMENDACIONES<\/b><\/p>\t\t\t\t\t\t\t\t<\/div>\n\t\t\t\t<\/div>\n\t\t\t\t\t<\/div>\n\t\t\t\t<\/div>\n\t\t<div class=\"elementor-element elementor-element-1aee4eb e-flex e-con-boxed e-con e-parent\" data-id=\"1aee4eb\" data-element_type=\"container\" data-e-type=\"container\">\n\t\t\t\t\t<div class=\"e-con-inner\">\n\t\t\t\t<div class=\"elementor-element elementor-element-fd1e711 elementor-widget elementor-widget-text-editor\" data-id=\"fd1e711\" data-element_type=\"widget\" data-e-type=\"widget\" data-widget_type=\"text-editor.default\">\n\t\t\t\t<div class=\"elementor-widget-container\">\n\t\t\t\t\t\t\t\t\t<ul><li style=\"font-weight: 400;\" aria-level=\"1\"><span style=\"font-weight: 400;\">El mejor dispositivo para conectarse es una Computadora, pues en ellas el Zoom tiene ciertas opciones de configuraci\u00f3n de sonido que no las hay en los ipads y celulares.\u00a0<\/span><\/li><li style=\"font-weight: 400;\" aria-level=\"1\"><span style=\"font-weight: 400;\">Por favor aseg\u00farate de que tienes la \u00faltima versi\u00f3n de Zoom descargada.<\/span><\/li><li style=\"font-weight: 400;\" aria-level=\"1\"><span style=\"font-weight: 400;\">Este tiempo juntas es un regalo sagrado que te est\u00e1s dando a ti mismx. Intenta encontrar un espacio adecuado, donde puedas tener tu tiempo privado.\u00a0<\/span><\/li><li style=\"font-weight: 400;\" aria-level=\"1\"><span style=\"font-weight: 400;\">Ponte una Ropa c\u00f3moda que no te apriete, que te permita sentir libre y suelta en tu cuerpo f\u00edsico.<\/span><\/li><li style=\"font-weight: 400;\" aria-level=\"1\"><span style=\"font-weight: 400;\">Trae la mente y coraz\u00f3n abiertos, dispuestos a encontrarse con la divinidad de tu propio sonido.<\/span><\/li><\/ul><p style=\"text-align: center;\"><b>Te esperamos!<\/b><\/p>\t\t\t\t\t\t\t\t<\/div>\n\t\t\t\t<\/div>\n\t\t\t\t\t<\/div>\n\t\t\t\t<\/div>\n\t\t\t\t<\/div>","protected":false},"excerpt":{"rendered":"<p>TAMBOR: LATIDO DE VIDA Inscr\u00edbete aqu\u00ed Tienes un tambor y no sabes por d\u00f3nde empezar? En este espacio exploraremos las bases del ritmo y la esencia de este poderoso instrumento como nuestro aliado sonoro,\u00a0 para que puedas acompa\u00f1ar tus cantos y tu camino con su presencia.\u00a0 Desde un enfoque pr\u00e1ctico, repasamos conceptos para entender la [&hellip;]<\/p>\n","protected":false},"author":1,"featured_media":0,"parent":0,"menu_order":0,"comment_status":"closed","ping_status":"closed","template":"","meta":{"site-sidebar-layout":"no-sidebar","site-content-layout":"page-builder","ast-site-content-layout":"full-width-container","site-content-style":"default","site-sidebar-style":"default","ast-global-header-display":"","ast-banner-title-visibility":"","ast-main-header-display":"","ast-hfb-above-header-display":"","ast-hfb-below-header-display":"","ast-hfb-mobile-header-display":"","site-post-title":"disabled","ast-breadcrumbs-content":"","ast-featured-img":"disabled","footer-sml-layout":"","ast-disable-related-posts":"","theme-transparent-header-meta":"","adv-header-id-meta":"","stick-header-meta":"","header-above-stick-meta":"","header-main-stick-meta":"","header-below-stick-meta":"","astra-migrate-meta-layouts":"set","ast-page-background-enabled":"default","ast-page-background-meta":{"desktop":{"background-color":"","background-image":"","background-repeat":"repeat","background-position":"center center","background-size":"auto","background-attachment":"scroll","background-type":"","background-media":"","overlay-type":"","overlay-color":"","overlay-opacity":"","overlay-gradient":""},"tablet":{"background-color":"","background-image":"","background-repeat":"repeat","background-position":"center center","background-size":"auto","background-attachment":"scroll","background-type":"","background-media":"","overlay-type":"","overlay-color":"","overlay-opacity":"","overlay-gradient":""},"mobile":{"background-color":"","background-image":"","background-repeat":"repeat","background-position":"center center","background-size":"auto","background-attachment":"scroll","background-type":"","background-media":"","overlay-type":"","overlay-color":"","overlay-opacity":"","overlay-gradient":""}},"ast-content-background-meta":{"desktop":{"background-color":"var(--ast-global-color-5)","background-image":"","background-repeat":"repeat","background-position":"center center","background-size":"auto","background-attachment":"scroll","background-type":"","background-media":"","overlay-type":"","overlay-color":"","overlay-opacity":"","overlay-gradient":""},"tablet":{"background-color":"var(--ast-global-color-5)","background-image":"","background-repeat":"repeat","background-position":"center center","background-size":"auto","background-attachment":"scroll","background-type":"","background-media":"","overlay-type":"","overlay-color":"","overlay-opacity":"","overlay-gradient":""},"mobile":{"background-color":"var(--ast-global-color-5)","background-image":"","background-repeat":"repeat","background-position":"center center","background-size":"auto","background-attachment":"scroll","background-type":"","background-media":"","overlay-type":"","overlay-color":"","overlay-opacity":"","overlay-gradient":""}},"footnotes":""},"class_list":["post-4392","page","type-page","status-publish","hentry"],"aioseo_notices":[],"_links":{"self":[{"href":"https:\/\/almaconvoz.com\/es\/wp-json\/wp\/v2\/pages\/4392","targetHints":{"allow":["GET"]}}],"collection":[{"href":"https:\/\/almaconvoz.com\/es\/wp-json\/wp\/v2\/pages"}],"about":[{"href":"https:\/\/almaconvoz.com\/es\/wp-json\/wp\/v2\/types\/page"}],"author":[{"embeddable":true,"href":"https:\/\/almaconvoz.com\/es\/wp-json\/wp\/v2\/users\/1"}],"replies":[{"embeddable":true,"href":"https:\/\/almaconvoz.com\/es\/wp-json\/wp\/v2\/comments?post=4392"}],"version-history":[{"count":76,"href":"https:\/\/almaconvoz.com\/es\/wp-json\/wp\/v2\/pages\/4392\/revisions"}],"predecessor-version":[{"id":6821,"href":"https:\/\/almaconvoz.com\/es\/wp-json\/wp\/v2\/pages\/4392\/revisions\/6821"}],"wp:attachment":[{"href":"https:\/\/almaconvoz.com\/es\/wp-json\/wp\/v2\/media?parent=4392"}],"curies":[{"name":"wp","href":"https:\/\/api.w.org\/{rel}","templated":true}]}}