{"id":5279,"date":"2025-02-01T22:18:43","date_gmt":"2025-02-01T22:18:43","guid":{"rendered":"https:\/\/almaconvoz.com\/?page_id=5279"},"modified":"2025-02-01T22:19:28","modified_gmt":"2025-02-01T22:19:28","slug":"tambor-latido-de-vida-25","status":"publish","type":"page","link":"https:\/\/almaconvoz.com\/es\/tambor-latido-de-vida-25\/","title":{"rendered":"Tambor: Latido de vida 25%"},"content":{"rendered":"<div data-elementor-type=\"wp-page\" data-elementor-id=\"5279\" class=\"elementor elementor-5279\" data-elementor-post-type=\"page\">\n\t\t\t\t<div class=\"elementor-element elementor-element-c539505 e-flex e-con-boxed e-con e-parent\" data-id=\"c539505\" data-element_type=\"container\" data-e-type=\"container\">\n\t\t\t\t\t<div class=\"e-con-inner\">\n\t\t\t\t<div class=\"elementor-element elementor-element-0549309 elementor-widget elementor-widget-heading\" data-id=\"0549309\" data-element_type=\"widget\" data-e-type=\"widget\" data-widget_type=\"heading.default\">\n\t\t\t\t<div class=\"elementor-widget-container\">\n\t\t\t\t\t<h1 class=\"elementor-heading-title elementor-size-default\">Tambor: Latido de vida <\/h1>\t\t\t\t<\/div>\n\t\t\t\t<\/div>\n\t\t\t\t<div class=\"elementor-element elementor-element-1a3755a elementor-widget elementor-widget-image\" data-id=\"1a3755a\" data-element_type=\"widget\" data-e-type=\"widget\" data-widget_type=\"image.default\">\n\t\t\t\t<div class=\"elementor-widget-container\">\n\t\t\t\t\t\t\t\t\t\t\t\t\t\t\t<img fetchpriority=\"high\" decoding=\"async\" width=\"1024\" height=\"1024\" src=\"https:\/\/almaconvoz.com\/wp-content\/uploads\/2025\/01\/Tambor-latido-de-vida-sin-fecha-1024x1024.jpg\" class=\"attachment-large size-large wp-image-4799\" alt=\"\" srcset=\"https:\/\/almaconvoz.com\/wp-content\/uploads\/2025\/01\/Tambor-latido-de-vida-sin-fecha-1024x1024.jpg 1024w, https:\/\/almaconvoz.com\/wp-content\/uploads\/2025\/01\/Tambor-latido-de-vida-sin-fecha-300x300.jpg 300w, https:\/\/almaconvoz.com\/wp-content\/uploads\/2025\/01\/Tambor-latido-de-vida-sin-fecha-150x150.jpg 150w, https:\/\/almaconvoz.com\/wp-content\/uploads\/2025\/01\/Tambor-latido-de-vida-sin-fecha-768x768.jpg 768w, https:\/\/almaconvoz.com\/wp-content\/uploads\/2025\/01\/Tambor-latido-de-vida-sin-fecha-1536x1536.jpg 1536w, https:\/\/almaconvoz.com\/wp-content\/uploads\/2025\/01\/Tambor-latido-de-vida-sin-fecha-12x12.jpg 12w, https:\/\/almaconvoz.com\/wp-content\/uploads\/2025\/01\/Tambor-latido-de-vida-sin-fecha-600x600.jpg 600w, https:\/\/almaconvoz.com\/wp-content\/uploads\/2025\/01\/Tambor-latido-de-vida-sin-fecha-100x100.jpg 100w, https:\/\/almaconvoz.com\/wp-content\/uploads\/2025\/01\/Tambor-latido-de-vida-sin-fecha.jpg 1800w\" sizes=\"(max-width: 1024px) 100vw, 1024px\" \/>\t\t\t\t\t\t\t\t\t\t\t\t\t\t\t<\/div>\n\t\t\t\t<\/div>\n\t\t\t\t<div class=\"elementor-element elementor-element-3259a16 elementor-align-center elementor-widget elementor-widget-button\" data-id=\"3259a16\" data-element_type=\"widget\" data-e-type=\"widget\" data-widget_type=\"button.default\">\n\t\t\t\t<div class=\"elementor-widget-container\">\n\t\t\t\t\t\t\t\t\t<div class=\"elementor-button-wrapper\">\n\t\t\t\t\t<a class=\"elementor-button elementor-button-link elementor-size-sm\" href=\"https:\/\/almaconvoz.com\/es\/cart-almaconvoz\/?add-to-cart=5268&#038;quantity=1\">\n\t\t\t\t\t\t<span class=\"elementor-button-content-wrapper\">\n\t\t\t\t\t\t\t\t\t<span class=\"elementor-button-text\">paga aqu\u00ed<\/span>\n\t\t\t\t\t<\/span>\n\t\t\t\t\t<\/a>\n\t\t\t\t<\/div>\n\t\t\t\t\t\t\t\t<\/div>\n\t\t\t\t<\/div>\n\t\t\t\t<div class=\"elementor-element elementor-element-975caad elementor-widget elementor-widget-text-editor\" data-id=\"975caad\" data-element_type=\"widget\" data-e-type=\"widget\" data-widget_type=\"text-editor.default\">\n\t\t\t\t<div class=\"elementor-widget-container\">\n\t\t\t\t\t\t\t\t\t<p><b>Tienes un tambor y no sabes por d\u00f3nde empezar? En este espacio exploraremos las bases del ritmo y la esencia de este poderoso instrumento como nuestro aliado sonoro,\u00a0 para que puedas acompa\u00f1ar tus cantos y tu camino con su presencia.\u00a0 Desde un enfoque pr\u00e1ctico, repasamos conceptos para entender la funci\u00f3n del ritmo en toda la m\u00fasica.\u00a0<\/b><\/p><p><b>No necesitas conocimientos previos. Apto para todas las edades.<\/b><\/p>\t\t\t\t\t\t\t\t<\/div>\n\t\t\t\t<\/div>\n\t\t\t\t<div class=\"elementor-element elementor-element-6cf38b4 elementor-widget elementor-widget-text-editor\" data-id=\"6cf38b4\" data-element_type=\"widget\" data-e-type=\"widget\" data-widget_type=\"text-editor.default\">\n\t\t\t\t<div class=\"elementor-widget-container\">\n\t\t\t\t\t\t\t\t\t<p><b>WHAT IS IT ABOUT?<\/b><\/p>\t\t\t\t\t\t\t\t<\/div>\n\t\t\t\t<\/div>\n\t\t\t\t<div class=\"elementor-element elementor-element-bec34b3 elementor-widget elementor-widget-text-editor\" data-id=\"bec34b3\" data-element_type=\"widget\" data-e-type=\"widget\" data-widget_type=\"text-editor.default\">\n\t\t\t\t<div class=\"elementor-widget-container\">\n\t\t\t\t\t\t\t\t\t<p><span style=\"font-weight: 400;\">En este taller, exploraremos la conexi\u00f3n profunda entre ritmo, voz y energ\u00eda. A trav\u00e9s de pr\u00e1cticas r\u00edtmicas y vocales, aprender\u00e1s a liberar tu canto en perfecta armon\u00eda con la magia del tambor, un instrumento ancestral que despierta nuestras memorias tribales y nos conecta con la naturaleza y el esp\u00edritu.<\/span><\/p><p><span style=\"font-weight: 400;\">El tambor es m\u00e1s que un simple instrumento de percusi\u00f3n: su sonido es un eco de los latidos del coraz\u00f3n, el primer ritmo que escuchamos en el vientre materno. Este curso est\u00e1 dise\u00f1ado para que puedas descubrir y sentir esa conexi\u00f3n \u00edntima entre el tambor, el ritmo y la energ\u00eda que nos rodea.<\/span><\/p>\t\t\t\t\t\t\t\t<\/div>\n\t\t\t\t<\/div>\n\t\t\t\t<div class=\"elementor-element elementor-element-a1b60da elementor-widget elementor-widget-text-editor\" data-id=\"a1b60da\" data-element_type=\"widget\" data-e-type=\"widget\" data-widget_type=\"text-editor.default\">\n\t\t\t\t<div class=\"elementor-widget-container\">\n\t\t\t\t\t\t\t\t\t<p><b>Course contents:<\/b><\/p>\t\t\t\t\t\t\t\t<\/div>\n\t\t\t\t<\/div>\n\t\t\t\t<div class=\"elementor-element elementor-element-74df85d elementor-widget elementor-widget-text-editor\" data-id=\"74df85d\" data-element_type=\"widget\" data-e-type=\"widget\" data-widget_type=\"text-editor.default\">\n\t\t\t\t<div class=\"elementor-widget-container\">\n\t\t\t\t\t\t\t\t\t<p class=\"translation-block\">\ud83d\udd05 Relationship between the drum and the heart: We will explore how rhythm connects with vital energy through the beats and how it is reflected in our musical practice.<\/p><p><span style=\"font-weight: 400;\">\ud83d\udd05 <\/span><b>Pr\u00e1cticas percutivas<\/b><span style=\"font-weight: 400;\">: Comprenderemos las bases del pulso, comp\u00e1s y ritmo, fundamentales para dominar el tambor.<\/span><\/p><p><span style=\"font-weight: 400;\">\ud83d\udd05 <\/span><b>Ritmos ancestrales<\/b><span style=\"font-weight: 400;\">: Aprenderemos diferentes ritmos tradicionales (binarios, ternarios y compuestos) que han sido utilizados a lo largo de la historia.<\/span><\/p><p><span style=\"font-weight: 400;\">\ud83d\udd05 <\/span><b>Ejercicios vocales<\/b><span style=\"font-weight: 400;\">: T\u00e9cnicas para liberar el canto y fusionarlo con el sonido del tambor.<\/span><\/p><p><span style=\"font-weight: 400;\">\ud83d\udd05 <\/span><b>Acompa\u00f1ar el canto con el tambor<\/b><span style=\"font-weight: 400;\">: Identificaci\u00f3n del pulso de cualquier canto para crear un acompa\u00f1amiento arm\u00f3nico.<\/span><\/p><p><span style=\"font-weight: 400;\">\ud83d\udd05 <\/span><b>Cantar sobre cualquier ritmo<\/b><span style=\"font-weight: 400;\">: Ejercicios para desarrollar la capacidad de improvisar tu voz sobre los diferentes ritmos del tambor.<\/span><\/p><p><span style=\"font-weight: 400;\">\ud83d\udd05 <\/span><b>Sonidos liberadores y energ\u00eda del sonido<\/b><span style=\"font-weight: 400;\">: Comprender el poder del sonido como herramienta de liberaci\u00f3n emocional y espiritual.<\/span><\/p><p><span style=\"font-weight: 400;\">\ud83d\udd05 <\/span><b>Toque cham\u00e1nico<\/b><span style=\"font-weight: 400;\">: Uso de repeticiones, acentos y resonancias en el tambor para inducir estados de trance y acompa\u00f1ar procesos terap\u00e9uticos.<\/span><\/p><p><span style=\"font-weight: 400;\">\ud83d\udd05 <\/span><b>La voz y el tambor como veh\u00edculos de liberaci\u00f3n<\/b><span style=\"font-weight: 400;\">: Exploraremos c\u00f3mo estos dos elementos nos conectan con memorias ancestrales y nos permiten liberar bloqueos internos.<\/span><\/p><p>\u00a0<\/p>\t\t\t\t\t\t\t\t<\/div>\n\t\t\t\t<\/div>\n\t\t\t\t<div class=\"elementor-element elementor-element-6c22afe elementor-widget elementor-widget-text-editor\" data-id=\"6c22afe\" data-element_type=\"widget\" data-e-type=\"widget\" data-widget_type=\"text-editor.default\">\n\t\t\t\t<div class=\"elementor-widget-container\">\n\t\t\t\t\t\t\t\t\t<p><b>c\u00f3mo ser\u00e1n nuestras clases:<\/b><\/p>\t\t\t\t\t\t\t\t<\/div>\n\t\t\t\t<\/div>\n\t\t\t\t<div class=\"elementor-element elementor-element-b00ee47 elementor-widget elementor-widget-text-editor\" data-id=\"b00ee47\" data-element_type=\"widget\" data-e-type=\"widget\" data-widget_type=\"text-editor.default\">\n\t\t\t\t<div class=\"elementor-widget-container\">\n\t\t\t\t\t\t\t\t\t<p><span style=\"font-weight: 400;\">El curso est\u00e1 dise\u00f1ado para que tengas tiempo de pr\u00e1ctica entre cada clase. Adem\u00e1s, contaremos con un grupo de seguimiento en WhatsApp, donde compartiremos avances, resolveremos dudas y ofreceremos apoyo continuo para garantizar resultados visibles.<\/span><\/p>\t\t\t\t\t\t\t\t<\/div>\n\t\t\t\t<\/div>\n\t\t\t\t<div class=\"elementor-element elementor-element-89536a7 elementor-widget elementor-widget-text-editor\" data-id=\"89536a7\" data-element_type=\"widget\" data-e-type=\"widget\" data-widget_type=\"text-editor.default\">\n\t\t\t\t<div class=\"elementor-widget-container\">\n\t\t\t\t\t\t\t\t\t<h4><strong>Clase 1:<\/strong><\/h4><p>Meditaci\u00f3n\/Respiraci\u00f3n<br \/>Introducci\u00f3n y presentaci\u00f3n del grupo<br \/><strong>ELEMENTOS DE LA M\u00daSICA : RITMO<\/strong><br \/>Ejercicio practico de sonido<br \/>Tarea<\/p><h4><strong>Clase 2:<\/strong><\/h4><p>Meditaci\u00f3n\/Respiraci\u00f3n<br \/>Preguntas<br \/>Calentamiento<br \/><strong>TIEMPOS Y N\u00daMEROS<\/strong><br \/>Ejercicio pr\u00e1ctico<br \/>Tarea<\/p><h4><strong>Clase 3:<\/strong><\/h4><p>Meditaci\u00f3n\/Respiraci\u00f3n<br \/>Preguntas<br \/>Calentamiento<br \/><strong>LATIDO DEL CORAZ\u00d3N Y RITMOS DE CANTOS<\/strong><br \/>Ejercicio pr\u00e1ctico<br \/>Tarea<\/p><h4><strong>Clase 4:<\/strong><\/h4><p>Meditaci\u00f3n\/Respiraci\u00f3n<br \/>Preguntas<br \/>Calentamiento<br \/><strong>CANTOS CON TAMBOR<\/strong><br \/>Ejercicio pr\u00e1ctico<br \/>Despedida<\/p>\t\t\t\t\t\t\t\t<\/div>\n\t\t\t\t<\/div>\n\t\t\t\t<div class=\"elementor-element elementor-element-5020ac7 elementor-widget elementor-widget-text-editor\" data-id=\"5020ac7\" data-element_type=\"widget\" data-e-type=\"widget\" data-widget_type=\"text-editor.default\">\n\t\t\t\t<div class=\"elementor-widget-container\">\n\t\t\t\t\t\t\t\t\t<p style=\"text-align: center;\"><b>Nuestras clases ser\u00e1n grabadas y las compartiremos por el Canal de\u00a0 <\/b><a href=\"http:\/\/telegram.org\/\"><b>TELEGRAM<\/b><\/a><\/p><p style=\"caret-color: #000000; color: #000000; font-style: normal; text-align: center;\"><b>OCTUBRE 2025<\/b><\/p><p style=\"text-align: center;\"><span style=\"caret-color: #000000; color: #000000; text-align: var(--text-align);\">(Pronto m\u00e1s detalles del horario)<\/span><b><\/b><\/p><p style=\"text-align: center;\"><b>Una vez que te unas recibir\u00e1s en tu mail, el link de zoom de nuestras clases y el link para conectarte con tus compa\u00f1erxs de clase de en el canal de <\/b><a href=\"http:\/\/telegram.org\/\"><b>TELEGRAM<\/b><\/a><b>.\u00a0<\/b><\/p><p style=\"text-align: center;\"><b>En este grupo es donde estaremos publicando las grabaciones que estar\u00e1n disponibles por tiempo limitado.<\/b><\/p><p style=\"text-align: center;\"><span style=\"font-weight: 400;\">El curso est\u00e1 dise\u00f1ado para que tengas tiempo de pr\u00e1ctica entre cada clase. Adem\u00e1s, contaremos con un grupo de seguimiento,\u00a0 donde compartiremos avances, resolveremos dudas y ofreceremos apoyo continuo para garantizar resultados visibles.<\/span><\/p><h4 style=\"text-align: center;\"><b>VALOR<\/b><\/h4><h3 style=\"text-align: center;\"><b>$80 USD\u00a0<\/b><\/h3>\t\t\t\t\t\t\t\t<\/div>\n\t\t\t\t<\/div>\n\t\t\t\t<div class=\"elementor-element elementor-element-0b32017 elementor-align-center elementor-widget elementor-widget-button\" data-id=\"0b32017\" data-element_type=\"widget\" data-e-type=\"widget\" data-widget_type=\"button.default\">\n\t\t\t\t<div class=\"elementor-widget-container\">\n\t\t\t\t\t\t\t\t\t<div class=\"elementor-button-wrapper\">\n\t\t\t\t\t<a class=\"elementor-button elementor-button-link elementor-size-sm\" href=\"https:\/\/almaconvoz.com\/es\/cart-almaconvoz\/?add-to-cart=5268&#038;quantity=1\">\n\t\t\t\t\t\t<span class=\"elementor-button-content-wrapper\">\n\t\t\t\t\t\t\t\t\t<span class=\"elementor-button-text\">paga aqu\u00ed<\/span>\n\t\t\t\t\t<\/span>\n\t\t\t\t\t<\/a>\n\t\t\t\t<\/div>\n\t\t\t\t\t\t\t\t<\/div>\n\t\t\t\t<\/div>\n\t\t\t\t<div class=\"elementor-element elementor-element-e845c79 elementor-widget elementor-widget-text-editor\" data-id=\"e845c79\" data-element_type=\"widget\" data-e-type=\"widget\" data-widget_type=\"text-editor.default\">\n\t\t\t\t<div class=\"elementor-widget-container\">\n\t\t\t\t\t\t\t\t\t<p><b>RECOMENDACIONES<\/b><\/p>\t\t\t\t\t\t\t\t<\/div>\n\t\t\t\t<\/div>\n\t\t\t\t\t<\/div>\n\t\t\t\t<\/div>\n\t\t<div class=\"elementor-element elementor-element-1aee4eb e-flex e-con-boxed e-con e-parent\" data-id=\"1aee4eb\" data-element_type=\"container\" data-e-type=\"container\">\n\t\t\t\t\t<div class=\"e-con-inner\">\n\t\t\t\t<div class=\"elementor-element elementor-element-fd1e711 elementor-widget elementor-widget-text-editor\" data-id=\"fd1e711\" data-element_type=\"widget\" data-e-type=\"widget\" data-widget_type=\"text-editor.default\">\n\t\t\t\t<div class=\"elementor-widget-container\">\n\t\t\t\t\t\t\t\t\t<ul><li style=\"font-weight: 400;\" aria-level=\"1\"><span style=\"font-weight: 400;\">El mejor dispositivo para conectarse es una Computadora, pues en ellas el Zoom tiene ciertas opciones de configuraci\u00f3n de sonido que no las hay en los ipads y celulares.\u00a0<\/span><\/li><li style=\"font-weight: 400;\" aria-level=\"1\"><span style=\"font-weight: 400;\">Por favor aseg\u00farate de que tienes la \u00faltima versi\u00f3n de Zoom descargada.<\/span><\/li><li style=\"font-weight: 400;\" aria-level=\"1\"><span style=\"font-weight: 400;\">Este tiempo juntas es un regalo sagrado que te est\u00e1s dando a ti mismx. Intenta encontrar un espacio adecuado, donde puedas tener tu tiempo privado.\u00a0<\/span><\/li><li style=\"font-weight: 400;\" aria-level=\"1\"><span style=\"font-weight: 400;\">Ponte una Ropa c\u00f3moda que no te apriete, que te permita sentir libre y suelta en tu cuerpo f\u00edsico.<\/span><\/li><li style=\"font-weight: 400;\" aria-level=\"1\"><span style=\"font-weight: 400;\">Trae la mente y coraz\u00f3n abiertos, dispuestos a encontrarse con la divinidad de tu propio sonido.<\/span><\/li><\/ul><p style=\"text-align: center;\"><b>Te esperamos!<\/b><\/p>\t\t\t\t\t\t\t\t<\/div>\n\t\t\t\t<\/div>\n\t\t\t\t\t<\/div>\n\t\t\t\t<\/div>\n\t\t\t\t<\/div>","protected":false},"excerpt":{"rendered":"<p>Tambor: Latido de vida paga aqu\u00ed Tienes un tambor y no sabes por d\u00f3nde empezar? En este espacio exploraremos las bases del ritmo y la esencia de este poderoso instrumento como nuestro aliado sonoro,\u00a0 para que puedas acompa\u00f1ar tus cantos y tu camino con su presencia.\u00a0 Desde un enfoque pr\u00e1ctico, repasamos conceptos para entender la [&hellip;]<\/p>\n","protected":false},"author":1,"featured_media":0,"parent":0,"menu_order":0,"comment_status":"closed","ping_status":"closed","template":"","meta":{"site-sidebar-layout":"no-sidebar","site-content-layout":"page-builder","ast-site-content-layout":"full-width-container","site-content-style":"default","site-sidebar-style":"default","ast-global-header-display":"","ast-banner-title-visibility":"","ast-main-header-display":"","ast-hfb-above-header-display":"","ast-hfb-below-header-display":"","ast-hfb-mobile-header-display":"","site-post-title":"disabled","ast-breadcrumbs-content":"","ast-featured-img":"disabled","footer-sml-layout":"","ast-disable-related-posts":"","theme-transparent-header-meta":"","adv-header-id-meta":"","stick-header-meta":"","header-above-stick-meta":"","header-main-stick-meta":"","header-below-stick-meta":"","astra-migrate-meta-layouts":"set","ast-page-background-enabled":"default","ast-page-background-meta":{"desktop":{"background-color":"","background-image":"","background-repeat":"repeat","background-position":"center center","background-size":"auto","background-attachment":"scroll","background-type":"","background-media":"","overlay-type":"","overlay-color":"","overlay-opacity":"","overlay-gradient":""},"tablet":{"background-color":"","background-image":"","background-repeat":"repeat","background-position":"center center","background-size":"auto","background-attachment":"scroll","background-type":"","background-media":"","overlay-type":"","overlay-color":"","overlay-opacity":"","overlay-gradient":""},"mobile":{"background-color":"","background-image":"","background-repeat":"repeat","background-position":"center center","background-size":"auto","background-attachment":"scroll","background-type":"","background-media":"","overlay-type":"","overlay-color":"","overlay-opacity":"","overlay-gradient":""}},"ast-content-background-meta":{"desktop":{"background-color":"var(--ast-global-color-5)","background-image":"","background-repeat":"repeat","background-position":"center center","background-size":"auto","background-attachment":"scroll","background-type":"","background-media":"","overlay-type":"","overlay-color":"","overlay-opacity":"","overlay-gradient":""},"tablet":{"background-color":"var(--ast-global-color-5)","background-image":"","background-repeat":"repeat","background-position":"center center","background-size":"auto","background-attachment":"scroll","background-type":"","background-media":"","overlay-type":"","overlay-color":"","overlay-opacity":"","overlay-gradient":""},"mobile":{"background-color":"var(--ast-global-color-5)","background-image":"","background-repeat":"repeat","background-position":"center center","background-size":"auto","background-attachment":"scroll","background-type":"","background-media":"","overlay-type":"","overlay-color":"","overlay-opacity":"","overlay-gradient":""}},"footnotes":""},"class_list":["post-5279","page","type-page","status-publish","hentry"],"aioseo_notices":[],"_links":{"self":[{"href":"https:\/\/almaconvoz.com\/es\/wp-json\/wp\/v2\/pages\/5279","targetHints":{"allow":["GET"]}}],"collection":[{"href":"https:\/\/almaconvoz.com\/es\/wp-json\/wp\/v2\/pages"}],"about":[{"href":"https:\/\/almaconvoz.com\/es\/wp-json\/wp\/v2\/types\/page"}],"author":[{"embeddable":true,"href":"https:\/\/almaconvoz.com\/es\/wp-json\/wp\/v2\/users\/1"}],"replies":[{"embeddable":true,"href":"https:\/\/almaconvoz.com\/es\/wp-json\/wp\/v2\/comments?post=5279"}],"version-history":[{"count":4,"href":"https:\/\/almaconvoz.com\/es\/wp-json\/wp\/v2\/pages\/5279\/revisions"}],"predecessor-version":[{"id":5283,"href":"https:\/\/almaconvoz.com\/es\/wp-json\/wp\/v2\/pages\/5279\/revisions\/5283"}],"wp:attachment":[{"href":"https:\/\/almaconvoz.com\/es\/wp-json\/wp\/v2\/media?parent=5279"}],"curies":[{"name":"wp","href":"https:\/\/api.w.org\/{rel}","templated":true}]}}