{"id":6267,"date":"2025-11-18T17:18:11","date_gmt":"2025-11-18T17:18:11","guid":{"rendered":"https:\/\/almaconvoz.com\/?page_id=6267"},"modified":"2025-11-18T17:19:50","modified_gmt":"2025-11-18T17:19:50","slug":"respirarte","status":"publish","type":"page","link":"https:\/\/almaconvoz.com\/es\/respirarte\/","title":{"rendered":"Respirarte"},"content":{"rendered":"<div data-elementor-type=\"wp-page\" data-elementor-id=\"6267\" class=\"elementor elementor-6267\" data-elementor-post-type=\"page\">\n\t\t\t\t<div class=\"elementor-element elementor-element-c539505 e-flex e-con-boxed e-con e-parent\" data-id=\"c539505\" data-element_type=\"container\" data-e-type=\"container\">\n\t\t\t\t\t<div class=\"e-con-inner\">\n\t\t\t\t<div class=\"elementor-element elementor-element-0549309 elementor-widget elementor-widget-heading\" data-id=\"0549309\" data-element_type=\"widget\" data-e-type=\"widget\" data-widget_type=\"heading.default\">\n\t\t\t\t<div class=\"elementor-widget-container\">\n\t\t\t\t\t<h2 class=\"elementor-heading-title elementor-size-default\">Respirarte<\/h2>\t\t\t\t<\/div>\n\t\t\t\t<\/div>\n\t\t\t\t<div class=\"elementor-element elementor-element-e20ceff elementor-widget elementor-widget-text-editor\" data-id=\"e20ceff\" data-element_type=\"widget\" data-e-type=\"widget\" data-widget_type=\"text-editor.default\">\n\t\t\t\t<div class=\"elementor-widget-container\">\n\t\t\t\t\t\t\t\t\t<p>\u00a0<\/p><p><span style=\"font-weight: 400;\">Y respirarte, en una tarde cualquiera\u00a0<\/span><\/p><p><span style=\"font-weight: 400;\">y sonreirte de cierta manera\u00a0<\/span><\/p><p><span style=\"font-weight: 400;\">Re- alinearme con cada cosa en su lugar\u00a0<\/span><\/p><p><span style=\"font-weight: 400;\">para verme en ti, para verte en mi<\/span><\/p><p>\u00a0<\/p><p><span style=\"font-weight: 400;\">Y entregarme a cada instante sagrado<\/span><\/p><p><span style=\"font-weight: 400;\">iluminarme con tu sutil aliento\u00a0<\/span><\/p><p><span style=\"font-weight: 400;\">y olvidarme de lo que tengo y lo que soy<\/span><\/p><p><span style=\"font-weight: 400;\">para verme en ti, para verte en mi\u00a0<\/span><\/p><p><span style=\"font-weight: 400;\">Para verte Padre, para verte Madre<\/span><\/p><p><span style=\"font-weight: 400;\">para verte en mi, para verme en ti\u00a0<\/span><\/p><p>\u00a0<\/p><p><span style=\"font-weight: 400;\">Y apartarme del ruido sordo del mundo\u00a0<\/span><\/p><p><span style=\"font-weight: 400;\">para escucharte y escuchar mi propia voz\u00a0<\/span><\/p><p><span style=\"font-weight: 400;\">Y confiarte lo que me pesa por dentro\u00a0<\/span><\/p><p><span style=\"font-weight: 400;\">para verme en ti, para verte en mi\u00a0<\/span><\/p><p>\u00a0<\/p><p><span style=\"font-weight: 400;\">Y levantarme, saber que puedo de nuevo\u00a0<\/span><\/p><p><span style=\"font-weight: 400;\">reconciliarme con mis asperezas<\/span><\/p><p><span style=\"font-weight: 400;\">y celebrar que est\u00e1s conmigo otro d\u00eda m\u00e1s\u00a0<\/span><\/p><p><span style=\"font-weight: 400;\">para verme en ti, para verte en mi\u00a0<\/span><\/p><p>\u00a0<\/p><p><span style=\"font-weight: 400;\">Para verte Padre, para verte Madre\u00a0<\/span><\/p><p><span style=\"font-weight: 400;\">para verte en mi, para verme en ti\u00a0<\/span><\/p>\t\t\t\t\t\t\t\t<\/div>\n\t\t\t\t<\/div>\n\t\t\t\t\t<\/div>\n\t\t\t\t<\/div>\n\t\t\t\t<\/div>","protected":false},"excerpt":{"rendered":"<p>Respirarte \u00a0 Y respirarte, en una tarde cualquiera\u00a0 y sonreirte de cierta manera\u00a0 Re- alinearme con cada cosa en su lugar\u00a0 para verme en ti, para verte en mi \u00a0 Y entregarme a cada instante sagrado iluminarme con tu sutil aliento\u00a0 y olvidarme de lo que tengo y lo que soy para verme en ti, [&hellip;]<\/p>\n","protected":false},"author":7,"featured_media":0,"parent":0,"menu_order":0,"comment_status":"closed","ping_status":"closed","template":"","meta":{"site-sidebar-layout":"no-sidebar","site-content-layout":"page-builder","ast-site-content-layout":"full-width-container","site-content-style":"default","site-sidebar-style":"default","ast-global-header-display":"","ast-banner-title-visibility":"","ast-main-header-display":"","ast-hfb-above-header-display":"","ast-hfb-below-header-display":"","ast-hfb-mobile-header-display":"","site-post-title":"disabled","ast-breadcrumbs-content":"","ast-featured-img":"disabled","footer-sml-layout":"","ast-disable-related-posts":"","theme-transparent-header-meta":"","adv-header-id-meta":"","stick-header-meta":"","header-above-stick-meta":"","header-main-stick-meta":"","header-below-stick-meta":"","astra-migrate-meta-layouts":"set","ast-page-background-enabled":"default","ast-page-background-meta":{"desktop":{"background-color":"","background-image":"","background-repeat":"repeat","background-position":"center center","background-size":"auto","background-attachment":"scroll","background-type":"","background-media":"","overlay-type":"","overlay-color":"","overlay-opacity":"","overlay-gradient":""},"tablet":{"background-color":"","background-image":"","background-repeat":"repeat","background-position":"center center","background-size":"auto","background-attachment":"scroll","background-type":"","background-media":"","overlay-type":"","overlay-color":"","overlay-opacity":"","overlay-gradient":""},"mobile":{"background-color":"","background-image":"","background-repeat":"repeat","background-position":"center center","background-size":"auto","background-attachment":"scroll","background-type":"","background-media":"","overlay-type":"","overlay-color":"","overlay-opacity":"","overlay-gradient":""}},"ast-content-background-meta":{"desktop":{"background-color":"var(--ast-global-color-5)","background-image":"","background-repeat":"repeat","background-position":"center center","background-size":"auto","background-attachment":"scroll","background-type":"","background-media":"","overlay-type":"","overlay-color":"","overlay-opacity":"","overlay-gradient":""},"tablet":{"background-color":"var(--ast-global-color-5)","background-image":"","background-repeat":"repeat","background-position":"center center","background-size":"auto","background-attachment":"scroll","background-type":"","background-media":"","overlay-type":"","overlay-color":"","overlay-opacity":"","overlay-gradient":""},"mobile":{"background-color":"var(--ast-global-color-5)","background-image":"","background-repeat":"repeat","background-position":"center center","background-size":"auto","background-attachment":"scroll","background-type":"","background-media":"","overlay-type":"","overlay-color":"","overlay-opacity":"","overlay-gradient":""}},"footnotes":""},"class_list":["post-6267","page","type-page","status-publish","hentry"],"aioseo_notices":[],"_links":{"self":[{"href":"https:\/\/almaconvoz.com\/es\/wp-json\/wp\/v2\/pages\/6267","targetHints":{"allow":["GET"]}}],"collection":[{"href":"https:\/\/almaconvoz.com\/es\/wp-json\/wp\/v2\/pages"}],"about":[{"href":"https:\/\/almaconvoz.com\/es\/wp-json\/wp\/v2\/types\/page"}],"author":[{"embeddable":true,"href":"https:\/\/almaconvoz.com\/es\/wp-json\/wp\/v2\/users\/7"}],"replies":[{"embeddable":true,"href":"https:\/\/almaconvoz.com\/es\/wp-json\/wp\/v2\/comments?post=6267"}],"version-history":[{"count":4,"href":"https:\/\/almaconvoz.com\/es\/wp-json\/wp\/v2\/pages\/6267\/revisions"}],"predecessor-version":[{"id":6272,"href":"https:\/\/almaconvoz.com\/es\/wp-json\/wp\/v2\/pages\/6267\/revisions\/6272"}],"wp:attachment":[{"href":"https:\/\/almaconvoz.com\/es\/wp-json\/wp\/v2\/media?parent=6267"}],"curies":[{"name":"wp","href":"https:\/\/api.w.org\/{rel}","templated":true}]}}