{"id":6406,"date":"2026-01-15T22:21:23","date_gmt":"2026-01-15T22:21:23","guid":{"rendered":"https:\/\/almaconvoz.com\/?page_id=6406"},"modified":"2026-02-04T02:07:32","modified_gmt":"2026-02-04T02:07:32","slug":"la-magia-de-tu-voz","status":"publish","type":"page","link":"https:\/\/almaconvoz.com\/es\/la-magia-de-tu-voz\/","title":{"rendered":"La magia de tu voz"},"content":{"rendered":"<div data-elementor-type=\"wp-page\" data-elementor-id=\"6406\" class=\"elementor elementor-6406\" data-elementor-post-type=\"page\">\n\t\t\t\t<div class=\"elementor-element elementor-element-7690820 e-flex e-con-boxed e-con e-parent\" data-id=\"7690820\" data-element_type=\"container\" data-e-type=\"container\">\n\t\t\t\t\t<div class=\"e-con-inner\">\n\t\t\t\t<div class=\"elementor-element elementor-element-0549309 elementor-widget elementor-widget-heading\" data-id=\"0549309\" data-element_type=\"widget\" data-e-type=\"widget\" data-widget_type=\"heading.default\">\n\t\t\t\t<div class=\"elementor-widget-container\">\n\t\t\t\t\t<h1 class=\"elementor-heading-title elementor-size-default\">LA MAGIA DE TU VOZ<\/h1>\t\t\t\t<\/div>\n\t\t\t\t<\/div>\n\t\t\t\t<div class=\"elementor-element elementor-element-c67cee8 elementor-widget elementor-widget-image\" data-id=\"c67cee8\" data-element_type=\"widget\" data-e-type=\"widget\" data-widget_type=\"image.default\">\n\t\t\t\t<div class=\"elementor-widget-container\">\n\t\t\t\t\t\t\t\t\t\t\t\t\t\t\t<img fetchpriority=\"high\" decoding=\"async\" width=\"1024\" height=\"1024\" src=\"https:\/\/almaconvoz.com\/wp-content\/uploads\/2026\/01\/Canto-sin-Fecha--1024x1024.jpg\" class=\"attachment-large size-large wp-image-6405\" alt=\"\" srcset=\"https:\/\/almaconvoz.com\/wp-content\/uploads\/2026\/01\/Canto-sin-Fecha--1024x1024.jpg 1024w, https:\/\/almaconvoz.com\/wp-content\/uploads\/2026\/01\/Canto-sin-Fecha--300x300.jpg 300w, https:\/\/almaconvoz.com\/wp-content\/uploads\/2026\/01\/Canto-sin-Fecha--150x150.jpg 150w, https:\/\/almaconvoz.com\/wp-content\/uploads\/2026\/01\/Canto-sin-Fecha--768x768.jpg 768w, https:\/\/almaconvoz.com\/wp-content\/uploads\/2026\/01\/Canto-sin-Fecha--1536x1536.jpg 1536w, https:\/\/almaconvoz.com\/wp-content\/uploads\/2026\/01\/Canto-sin-Fecha--12x12.jpg 12w, https:\/\/almaconvoz.com\/wp-content\/uploads\/2026\/01\/Canto-sin-Fecha--600x600.jpg 600w, https:\/\/almaconvoz.com\/wp-content\/uploads\/2026\/01\/Canto-sin-Fecha--100x100.jpg 100w, https:\/\/almaconvoz.com\/wp-content\/uploads\/2026\/01\/Canto-sin-Fecha-.jpg 1876w\" sizes=\"(max-width: 1024px) 100vw, 1024px\" \/>\t\t\t\t\t\t\t\t\t\t\t\t\t\t\t<\/div>\n\t\t\t\t<\/div>\n\t\t\t\t<div class=\"elementor-element elementor-element-da54f3a elementor-align-center elementor-widget elementor-widget-button\" data-id=\"da54f3a\" data-element_type=\"widget\" data-e-type=\"widget\" data-widget_type=\"button.default\">\n\t\t\t\t<div class=\"elementor-widget-container\">\n\t\t\t\t\t\t\t\t\t<div class=\"elementor-button-wrapper\">\n\t\t\t\t\t<a class=\"elementor-button elementor-button-link elementor-size-sm\" href=\"https:\/\/almaconvoz.com\/es\/cart-almaconvoz\/?add-to-cart=6409&#038;quantity=1\">\n\t\t\t\t\t\t<span class=\"elementor-button-content-wrapper\">\n\t\t\t\t\t\t\t\t\t<span class=\"elementor-button-text\">INSCR\u00edBETE AQU\u00cd <\/span>\n\t\t\t\t\t<\/span>\n\t\t\t\t\t<\/a>\n\t\t\t\t<\/div>\n\t\t\t\t\t\t\t\t<\/div>\n\t\t\t\t<\/div>\n\t\t\t\t<div class=\"elementor-element elementor-element-bed5c4a elementor-widget elementor-widget-text-editor\" data-id=\"bed5c4a\" data-element_type=\"widget\" data-e-type=\"widget\" data-widget_type=\"text-editor.default\">\n\t\t\t\t<div class=\"elementor-widget-container\">\n\t\t\t\t\t\t\t\t\t<p><em><b>Tu voz es un instrumento sagrado y tu cuerpo entero es el veh\u00edculo de la inteligencia vibrante del canto. Almunis<\/b><\/em><\/p><p><b><br \/>La magia de tu voz es un espacio de Canto Consciente Integrativo, mucho m\u00e1s que un curso de canto: es un recorrido vivencial e inici\u00e1tico de empoderamiento personal que cultiva presencia, disponibilidad y resonancia interna, para que puedas manifestar a trav\u00e9s de tu voz aquello que viniste a entregar al mundo<br \/>No necesitas experiencia previa.<br \/><\/b><\/p>\t\t\t\t\t\t\t\t<\/div>\n\t\t\t\t<\/div>\n\t\t\t\t\t<\/div>\n\t\t\t\t<\/div>\n\t\t<div class=\"elementor-element elementor-element-c539505 e-flex e-con-boxed e-con e-parent\" data-id=\"c539505\" data-element_type=\"container\" data-e-type=\"container\">\n\t\t\t\t\t<div class=\"e-con-inner\">\n\t\t\t\t<div class=\"elementor-element elementor-element-ab7a413 elementor-widget elementor-widget-text-editor\" data-id=\"ab7a413\" data-element_type=\"widget\" data-e-type=\"widget\" data-widget_type=\"text-editor.default\">\n\t\t\t\t<div class=\"elementor-widget-container\">\n\t\t\t\t\t\t\t\t\t<p><b>DE QUE SE TRATA?<\/b><\/p>\t\t\t\t\t\t\t\t<\/div>\n\t\t\t\t<\/div>\n\t\t\t\t<div class=\"elementor-element elementor-element-d69a93d elementor-widget elementor-widget-text-editor\" data-id=\"d69a93d\" data-element_type=\"widget\" data-e-type=\"widget\" data-widget_type=\"text-editor.default\">\n\t\t\t\t<div class=\"elementor-widget-container\">\n\t\t\t\t\t\t\t\t\t<p>En este curso exploramos la voz como una fuerza que permea todo nuestro ser, reconoci\u00e9ndola desde su sus elementos corporal, emocional , social y espiritual.<\/p><p>A lo largo de este primer acercamiento a las m\u00faltiples dimensiones de la voz, trabajaremos con pr\u00e1cticas que abren la voz a nivel f\u00edsico, emocional y energ\u00e9tico, liberando bloqueos y potenciando la expresi\u00f3n natural de nuestro ser.<\/p><p>Este recorrido te permitir\u00e1:<\/p><p>* Disfrutar de tu voz natural con mayor confianza y fluidez.<\/p><p>* Desarrollar tu Espacio Vocal Propio.<\/p><p>* Reconectar con tu expresi\u00f3n aut\u00e9ntica.<br \/>* Ahondar en el autoconocimiento a trav\u00e9s del sonido.<\/p><p>* Explorar tu Ser Musical desde la creatividad y la expresi\u00f3n aut\u00e9ntica<\/p><p>Trabajaremos con sonidos y frecuencias curativas, explorando la voz como medicina y conectando con la energ\u00eda vital que habita en ti. A trav\u00e9s de cada pr\u00e1ctica aprender\u00e1s a integrar sonido,cuerpo, respiraci\u00f3n, resonancia y expresi\u00f3n, para que tu voz se convierta en un instrumento completo de creatividad, presencia y gozo.<\/p>\t\t\t\t\t\t\t\t<\/div>\n\t\t\t\t<\/div>\n\t\t\t\t<div class=\"elementor-element elementor-element-a1b60da elementor-widget elementor-widget-text-editor\" data-id=\"a1b60da\" data-element_type=\"widget\" data-e-type=\"widget\" data-widget_type=\"text-editor.default\">\n\t\t\t\t<div class=\"elementor-widget-container\">\n\t\t\t\t\t\t\t\t\t<p><strong>C\u00d3MO SER\u00c1N NUESTRAS CLASES<\/strong><\/p>\t\t\t\t\t\t\t\t<\/div>\n\t\t\t\t<\/div>\n\t\t\t\t<div class=\"elementor-element elementor-element-74df85d elementor-widget elementor-widget-text-editor\" data-id=\"74df85d\" data-element_type=\"widget\" data-e-type=\"widget\" data-widget_type=\"text-editor.default\">\n\t\t\t\t<div class=\"elementor-widget-container\">\n\t\t\t\t\t\t\t\t\t<h4><strong>\u00a0Clase 1:<\/strong><\/h4><p>Meditaci\u00f3n y respiraci\u00f3n<br \/>Presentaci\u00f3n del grupo<br \/>Ejercicios de activaci\u00f3n vocal<br \/>Conexi\u00f3n con tu voz y tu cuerpo<br \/>Tarea<\/p><h4>\u00a0<\/h4><h4><strong>Clase 2:<\/strong><\/h4><p>Meditaci\u00f3n y respiraci\u00f3n<br \/>Exploraci\u00f3n de resonancias<br \/>Ejercicios de desbloqueo f\u00edsico y emocional<br \/>Tarea<\/p><h4>\u00a0<\/h4><h4><strong>Clase 3:<\/strong><\/h4><p>Meditaci\u00f3n y respiraci\u00f3n<br \/>La voz como medicina<br \/>Pr\u00e1ctica de frecuencias curativas y libertad en el canto<br \/>Tarea<\/p><h4>\u00a0<\/h4><h4><strong>Clase 4:<\/strong><\/h4><p>Meditaci\u00f3n y respiraci\u00f3n<br \/>Integraci\u00f3n de canto, cuerpo y energ\u00eda<br \/>Despedida<\/p>\t\t\t\t\t\t\t\t<\/div>\n\t\t\t\t<\/div>\n\t\t\t\t<div class=\"elementor-element elementor-element-6c22afe elementor-widget elementor-widget-text-editor\" data-id=\"6c22afe\" data-element_type=\"widget\" data-e-type=\"widget\" data-widget_type=\"text-editor.default\">\n\t\t\t\t<div class=\"elementor-widget-container\">\n\t\t\t\t\t\t\t\t\t<p>CU\u00c1NDO?<\/p>\t\t\t\t\t\t\t\t<\/div>\n\t\t\t\t<\/div>\n\t\t\t\t<div class=\"elementor-element elementor-element-89536a7 elementor-widget elementor-widget-text-editor\" data-id=\"89536a7\" data-element_type=\"widget\" data-e-type=\"widget\" data-widget_type=\"text-editor.default\">\n\t\t\t\t<div class=\"elementor-widget-container\">\n\t\t\t\t\t\t\t\t\t<p><strong>Tendremos 4 sesiones de 90 minutos cada una<\/strong><\/p><p><strong>Nuestras clases ser\u00e1n los mi\u00e9rcoles: <\/strong><\/p><p><strong>4, 11, 18 y 25 de febrero 2026<\/strong><\/p><p>6:00 \u2013 7:30 pm (Colombia)<\/p><p>5:00 pm &#8211; 6:30 pm (Ciudad de M\u00e9xico)<\/p><p>3:00 \u2013 4:30 pm (California)<\/p><p><strong>Todos las clases ser\u00e1n EN VIVO a trav\u00e9s de la Plataforma ZOOM<\/strong><\/p><p>Las clases ser\u00e1n grabadas y compartidas por nuestro canal de Telegram<\/p><p><strong>Al unirte, recibir\u00e1s por correo:<\/strong><\/p><p>&#8211; El link de Zoom para las clases<\/p><p>-El link de nuestro grupo en Telegram, donde tambi\u00e9n publicaremos las grabaciones<\/p>\t\t\t\t\t\t\t\t<\/div>\n\t\t\t\t<\/div>\n\t\t\t\t<div class=\"elementor-element elementor-element-5020ac7 elementor-widget elementor-widget-text-editor\" data-id=\"5020ac7\" data-element_type=\"widget\" data-e-type=\"widget\" data-widget_type=\"text-editor.default\">\n\t\t\t\t<div class=\"elementor-widget-container\">\n\t\t\t\t\t\t\t\t\t<p style=\"text-align: center;\">\u00a0<\/p><h4 style=\"text-align: center;\"><b>VALOR<\/b><\/h4><h3 style=\"text-align: center;\"><b>$80 USD\u00a0<\/b><\/h3>\t\t\t\t\t\t\t\t<\/div>\n\t\t\t\t<\/div>\n\t\t\t\t<div class=\"elementor-element elementor-element-0b32017 elementor-align-center elementor-widget elementor-widget-button\" data-id=\"0b32017\" data-element_type=\"widget\" data-e-type=\"widget\" data-widget_type=\"button.default\">\n\t\t\t\t<div class=\"elementor-widget-container\">\n\t\t\t\t\t\t\t\t\t<div class=\"elementor-button-wrapper\">\n\t\t\t\t\t<a class=\"elementor-button elementor-button-link elementor-size-sm\" href=\"https:\/\/almaconvoz.com\/es\/cart-almaconvoz\/?add-to-cart=6409&#038;quantity=1\">\n\t\t\t\t\t\t<span class=\"elementor-button-content-wrapper\">\n\t\t\t\t\t\t\t\t\t<span class=\"elementor-button-text\">Inscr\u00edbete Aqu\u00ed<\/span>\n\t\t\t\t\t<\/span>\n\t\t\t\t\t<\/a>\n\t\t\t\t<\/div>\n\t\t\t\t\t\t\t\t<\/div>\n\t\t\t\t<\/div>\n\t\t\t\t<div class=\"elementor-element elementor-element-447d5dc elementor-widget elementor-widget-text-editor\" data-id=\"447d5dc\" data-element_type=\"widget\" data-e-type=\"widget\" data-widget_type=\"text-editor.default\">\n\t\t\t\t<div class=\"elementor-widget-container\">\n\t\t\t\t\t\t\t\t\t<p><strong>RECOMENDACIONES<\/strong><\/p>\t\t\t\t\t\t\t\t<\/div>\n\t\t\t\t<\/div>\n\t\t\t\t<div class=\"elementor-element elementor-element-6052df0 elementor-widget elementor-widget-text-editor\" data-id=\"6052df0\" data-element_type=\"widget\" data-e-type=\"widget\" data-widget_type=\"text-editor.default\">\n\t\t\t\t<div class=\"elementor-widget-container\">\n\t\t\t\t\t\t\t\t\t<ul><li>El mejor dispositivo para conectarse es una Computadora, pues en ellas el Zoom tiene ciertas opciones de configuraci\u00f3n de sonido que no las hay en los ipads y celulares.<\/li><li>Por favor aseg\u00farate de tener la \u00faltima versi\u00f3n de Zoom instalada.<\/li><li>Este tiempo juntxs es un regalo sagrado que te est\u00e1s dando a ti mismx. Intenta encontrar un espacio adecuado, c\u00f3modo y si es posible privado.<\/li><li>Utiliza ropa c\u00f3moda que te permita moverme libremente y sentirte relajadx<\/li><li>Trae la mente y coraz\u00f3n abiertos, dispuestos a encontrarse con la divinidad dentro de ti!<\/li><\/ul><h3 style=\"text-align: center;\"><b>Te esperamos!<\/b><\/h3>\t\t\t\t\t\t\t\t<\/div>\n\t\t\t\t<\/div>\n\t\t\t\t\t<\/div>\n\t\t\t\t<\/div>\n\t\t\t\t<\/div>","protected":false},"excerpt":{"rendered":"<p>LA MAGIA DE TU VOZ INSCR\u00edBETE AQU\u00cd Tu voz es un instrumento sagrado y tu cuerpo entero es el veh\u00edculo de la inteligencia vibrante del canto. Almunis La magia de tu voz es un espacio de Canto Consciente Integrativo, mucho m\u00e1s que un curso de canto: es un recorrido vivencial e inici\u00e1tico de empoderamiento personal [&hellip;]<\/p>\n","protected":false},"author":7,"featured_media":0,"parent":0,"menu_order":0,"comment_status":"closed","ping_status":"closed","template":"","meta":{"site-sidebar-layout":"no-sidebar","site-content-layout":"page-builder","ast-site-content-layout":"full-width-container","site-content-style":"default","site-sidebar-style":"default","ast-global-header-display":"","ast-banner-title-visibility":"","ast-main-header-display":"","ast-hfb-above-header-display":"","ast-hfb-below-header-display":"","ast-hfb-mobile-header-display":"","site-post-title":"disabled","ast-breadcrumbs-content":"","ast-featured-img":"disabled","footer-sml-layout":"","ast-disable-related-posts":"","theme-transparent-header-meta":"","adv-header-id-meta":"","stick-header-meta":"","header-above-stick-meta":"","header-main-stick-meta":"","header-below-stick-meta":"","astra-migrate-meta-layouts":"set","ast-page-background-enabled":"default","ast-page-background-meta":{"desktop":{"background-color":"","background-image":"","background-repeat":"repeat","background-position":"center center","background-size":"auto","background-attachment":"scroll","background-type":"","background-media":"","overlay-type":"","overlay-color":"","overlay-opacity":"","overlay-gradient":""},"tablet":{"background-color":"","background-image":"","background-repeat":"repeat","background-position":"center center","background-size":"auto","background-attachment":"scroll","background-type":"","background-media":"","overlay-type":"","overlay-color":"","overlay-opacity":"","overlay-gradient":""},"mobile":{"background-color":"","background-image":"","background-repeat":"repeat","background-position":"center center","background-size":"auto","background-attachment":"scroll","background-type":"","background-media":"","overlay-type":"","overlay-color":"","overlay-opacity":"","overlay-gradient":""}},"ast-content-background-meta":{"desktop":{"background-color":"var(--ast-global-color-5)","background-image":"","background-repeat":"repeat","background-position":"center center","background-size":"auto","background-attachment":"scroll","background-type":"","background-media":"","overlay-type":"","overlay-color":"","overlay-opacity":"","overlay-gradient":""},"tablet":{"background-color":"var(--ast-global-color-5)","background-image":"","background-repeat":"repeat","background-position":"center center","background-size":"auto","background-attachment":"scroll","background-type":"","background-media":"","overlay-type":"","overlay-color":"","overlay-opacity":"","overlay-gradient":""},"mobile":{"background-color":"var(--ast-global-color-5)","background-image":"","background-repeat":"repeat","background-position":"center center","background-size":"auto","background-attachment":"scroll","background-type":"","background-media":"","overlay-type":"","overlay-color":"","overlay-opacity":"","overlay-gradient":""}},"footnotes":""},"class_list":["post-6406","page","type-page","status-publish","hentry"],"aioseo_notices":[],"_links":{"self":[{"href":"https:\/\/almaconvoz.com\/es\/wp-json\/wp\/v2\/pages\/6406","targetHints":{"allow":["GET"]}}],"collection":[{"href":"https:\/\/almaconvoz.com\/es\/wp-json\/wp\/v2\/pages"}],"about":[{"href":"https:\/\/almaconvoz.com\/es\/wp-json\/wp\/v2\/types\/page"}],"author":[{"embeddable":true,"href":"https:\/\/almaconvoz.com\/es\/wp-json\/wp\/v2\/users\/7"}],"replies":[{"embeddable":true,"href":"https:\/\/almaconvoz.com\/es\/wp-json\/wp\/v2\/comments?post=6406"}],"version-history":[{"count":37,"href":"https:\/\/almaconvoz.com\/es\/wp-json\/wp\/v2\/pages\/6406\/revisions"}],"predecessor-version":[{"id":6818,"href":"https:\/\/almaconvoz.com\/es\/wp-json\/wp\/v2\/pages\/6406\/revisions\/6818"}],"wp:attachment":[{"href":"https:\/\/almaconvoz.com\/es\/wp-json\/wp\/v2\/media?parent=6406"}],"curies":[{"name":"wp","href":"https:\/\/api.w.org\/{rel}","templated":true}]}}